{"id":3193,"date":"2025-08-21T20:15:09","date_gmt":"2025-08-21T20:15:09","guid":{"rendered":"https:\/\/circulopropiedades.uy\/home\/?post_type=product&#038;p=3193"},"modified":"2025-10-23T20:19:19","modified_gmt":"2025-10-23T20:19:19","slug":"casa-en-aguada-3-dorm-ambientes-amplios-azotea","status":"publish","type":"product","link":"https:\/\/circulopropiedades.uy\/home\/producto\/casa-en-aguada-3-dorm-ambientes-amplios-azotea\/","title":{"rendered":"Casa En Aguada. 3 Dorm, Ambientes Amplios. Azotea."},"content":{"rendered":"<p><strong>Precio de venta: USD 159.000<\/strong><br \/>\n<strong>Admite banco.<br \/>\n<\/strong><\/p>\n<p>Esta magn\u00edfica casa se encuentra ubicada en el barrio Aguada, Montevideo.<\/p>\n<p>Con una superficie de 90 m\u00b2, esta propiedad cuenta con 3 dormitorios, ba\u00f1o completo, cocina definida con despensa, living comedor, balc\u00f3n al frente y azotea transitable totalmente despejada. Se presenta en un excelente estado de conservaci\u00f3n, los ambientes son amplios, c\u00f3modos, con muy buena luz y ventilaci\u00f3n natural. La estructura s\u00f3lida sin da\u00f1os de ning\u00fan tipo. Su fachada, aberturas, pisos, molduras, vitrales, todo original en excelente estado, d\u00e1ndole a cada ambiente un estilo \u00fanico.<\/p>\n<p>Medidas aproximadas: Living: 13 m\u00b2, comedor 6 m\u00b2, dormitorio principal 15 m\u00b2 y segundo dormitorio 10 m\u00b2.<\/p>\n<p>Las vistas son despejadas, aportando sensaci\u00f3n de amplitud y luz. Con 90 m\u00b2 bien distribuidos, esta casa se destaca por su calidad constructiva, su hermosa fachada de \u00e9poca y su ubicaci\u00f3n estrat\u00e9gica a pasos de todos los servicios y con excelente accesibilidad tanto en transporte como en veh\u00edculo o a pie. Siendo un punto ideal tambi\u00e9n para entrar o salir de la capital dada su proximidad a los accesos de la zona oeste de Montevideo.<\/p>\n<p>Excelente oportunidad en la zona. Todo al d\u00eda, sin deudas. Admite banco.<\/p>\n<p>\u00a1No pierdas la oportunidad de conocer esta propiedad excepcional!<\/p>\n","protected":false},"excerpt":{"rendered":"<p><span style=\"color: #000080\">Excelente estado.<\/span><\/p>\n","protected":false},"featured_media":3194,"template":"","meta":[],"product_brand":[],"product_cat":[24],"product_tag":[],"class_list":{"0":"post-3193","1":"product","2":"type-product","3":"status-publish","4":"has-post-thumbnail","6":"product_cat-ventas","8":"first","9":"instock","10":"shipping-taxable","11":"product-type-simple"},"_links":{"self":[{"href":"https:\/\/circulopropiedades.uy\/home\/wp-json\/wp\/v2\/product\/3193","targetHints":{"allow":["GET"]}}],"collection":[{"href":"https:\/\/circulopropiedades.uy\/home\/wp-json\/wp\/v2\/product"}],"about":[{"href":"https:\/\/circulopropiedades.uy\/home\/wp-json\/wp\/v2\/types\/product"}],"wp:featuredmedia":[{"embeddable":true,"href":"https:\/\/circulopropiedades.uy\/home\/wp-json\/wp\/v2\/media\/3194"}],"wp:attachment":[{"href":"https:\/\/circulopropiedades.uy\/home\/wp-json\/wp\/v2\/media?parent=3193"}],"wp:term":[{"taxonomy":"product_brand","embeddable":true,"href":"https:\/\/circulopropiedades.uy\/home\/wp-json\/wp\/v2\/product_brand?post=3193"},{"taxonomy":"product_cat","embeddable":true,"href":"https:\/\/circulopropiedades.uy\/home\/wp-json\/wp\/v2\/product_cat?post=3193"},{"taxonomy":"product_tag","embeddable":true,"href":"https:\/\/circulopropiedades.uy\/home\/wp-json\/wp\/v2\/product_tag?post=3193"}],"curies":[{"name":"wp","href":"https:\/\/api.w.org\/{rel}","templated":true}]}}