{"id":3128,"date":"2025-05-28T19:15:25","date_gmt":"2025-05-28T19:15:25","guid":{"rendered":"https:\/\/circulopropiedades.uy\/home\/?post_type=product&#038;p=3128"},"modified":"2025-05-28T19:25:36","modified_gmt":"2025-05-28T19:25:36","slug":"apartamento-excepcional-ambientes-amplios-y-luminosos","status":"publish","type":"product","link":"https:\/\/circulopropiedades.uy\/home\/producto\/apartamento-excepcional-ambientes-amplios-y-luminosos\/","title":{"rendered":"Apartamento excepcional. Ambientes amplios y luminosos"},"content":{"rendered":"<p><strong>Precio de venta: USD 228.000<\/strong><br \/>\n<strong>Admite banco<\/strong><br \/>\n<strong>Gastos comunes: $ 12.200<\/strong><\/p>\n<p>\u00a1Vivir con car\u00e1cter y comodidad en el coraz\u00f3n de Montevideo!<\/p>\n<p>Te presentamos una propiedad excepcional en un edificio de \u00e9poca que combina el encanto de la arquitectura tradicional con el confort de espacios amplios, luminosos y funcionales.<\/p>\n<p>Ubicado en una zona estrat\u00e9gica del barrio Aguada, este apartamento ofrece acceso inmediato a una gran variedad de servicios, centros educativos, comercios, instituciones p\u00fablicas, espacios recreativos y excelente conectividad en transporte.<\/p>\n<p>Caracter\u00edsticas destacadas:<\/p>\n<p>Estudio amplio y luminoso, ideal para home office, estudio o espacio creativo.<br \/>\nLiving con peque\u00f1o bar y balc\u00f3n cerrado con cerramiento corredizo en aluminio: perfecto para disfrutar del sol y la vista en cualquier \u00e9poca del a\u00f1o.<br \/>\nCocina definida amplia con mesadas y mobiliario de calidad, comedor diario con vistas totalmente despejadas.<br \/>\nLavadero independiente con espacio de almacenamiento y ba\u00f1o social o de servicio.<br \/>\nZona de distribuci\u00f3n que brinda privacidad a los dormitorios.<br \/>\nDormitorio principal con vista al frente y lateral. Placard empotrado.<br \/>\nDos dormitorios secundarios, con placares empotrados, muy iluminados y de generosas dimensiones.<br \/>\nBa\u00f1o completo, c\u00f3modo y funcional.<br \/>\nCada ambiente cuenta con ventanas que inundan de luz natural y garantizan una excelente ventilaci\u00f3n, gracias a su ubicaci\u00f3n en piso alto con vistas abiertas.<\/p>\n<p>El edificio cuenta con ingreso principal y de servicio, ascensor principal y ascensor de carga, lo que asegura comodidad y practicidad para el d\u00eda a d\u00eda.<\/p>\n<p>Garaje y servicio de porter\u00eda, brindando seguridad y tranquilidad.<\/p>\n<p>Una oportunidad \u00fanica para vivir o invertir en una de las zonas con mayor proyecci\u00f3n de Montevideo, donde la vida urbana se combina con la comodidad de un hogar con historia y calidad constructiva.<\/p>\n<p>Comun\u00edcate con nosotros para ampliar informaci\u00f3n.<\/p>\n","protected":false},"excerpt":{"rendered":"<p><span style=\"color: #000080\">\u00danico en su estado<\/span><\/p>\n","protected":false},"featured_media":3129,"template":"","meta":[],"product_brand":[],"product_cat":[24],"product_tag":[],"class_list":{"0":"post-3128","1":"product","2":"type-product","3":"status-publish","4":"has-post-thumbnail","6":"product_cat-ventas","8":"first","9":"instock","10":"featured","11":"shipping-taxable","12":"product-type-simple"},"_links":{"self":[{"href":"https:\/\/circulopropiedades.uy\/home\/wp-json\/wp\/v2\/product\/3128","targetHints":{"allow":["GET"]}}],"collection":[{"href":"https:\/\/circulopropiedades.uy\/home\/wp-json\/wp\/v2\/product"}],"about":[{"href":"https:\/\/circulopropiedades.uy\/home\/wp-json\/wp\/v2\/types\/product"}],"wp:featuredmedia":[{"embeddable":true,"href":"https:\/\/circulopropiedades.uy\/home\/wp-json\/wp\/v2\/media\/3129"}],"wp:attachment":[{"href":"https:\/\/circulopropiedades.uy\/home\/wp-json\/wp\/v2\/media?parent=3128"}],"wp:term":[{"taxonomy":"product_brand","embeddable":true,"href":"https:\/\/circulopropiedades.uy\/home\/wp-json\/wp\/v2\/product_brand?post=3128"},{"taxonomy":"product_cat","embeddable":true,"href":"https:\/\/circulopropiedades.uy\/home\/wp-json\/wp\/v2\/product_cat?post=3128"},{"taxonomy":"product_tag","embeddable":true,"href":"https:\/\/circulopropiedades.uy\/home\/wp-json\/wp\/v2\/product_tag?post=3128"}],"curies":[{"name":"wp","href":"https:\/\/api.w.org\/{rel}","templated":true}]}}