{"id":3102,"date":"2024-10-18T19:32:56","date_gmt":"2024-10-18T19:32:56","guid":{"rendered":"https:\/\/circulopropiedades.uy\/home\/?post_type=product&#038;p=3102"},"modified":"2024-10-18T19:36:15","modified_gmt":"2024-10-18T19:36:15","slug":"apartamento-con-parrillero-uso-exclusivo","status":"publish","type":"product","link":"https:\/\/circulopropiedades.uy\/home\/producto\/apartamento-con-parrillero-uso-exclusivo\/","title":{"rendered":"Apartamento con parrillero uso exclusivo"},"content":{"rendered":"<p><strong>Precio de venta: USD 105.000<\/strong><\/p>\n<p>Excelente oportunidad de inversi\u00f3n en el exclusivo barrio de Buceo, Montevideo. Este hermoso apartamento de 2 dormitorios y 1 ba\u00f1o se encuentra en una ubicaci\u00f3n privilegiada, rodeado de servicios las 24 hs y con f\u00e1cil acceso a transporte p\u00fablico. A metros de Montevideo Shopping, WTC, zona comercial y gastron\u00f3mica. A pocas cuadras de la Rambla y Playa Pocitos.<\/p>\n<p>Con un total de 56 m2, esta propiedad en excelente estado cuenta con una distribuci\u00f3n inteligente que aprovecha al m\u00e1ximo el espacio disponible. El apartamento incluye amenities como un lavadero, living comedor, parrillero, placard y bajo mesada en cocina y ba\u00f1o equipado con mampara. Una amplia terraza, perfecta para disfrutar de momentos al aire libre proporcionando desahogo y privacidad. Adem\u00e1s, est\u00e1 equipada con aires acondicionados en living comedor y dormitorio principal.<\/p>\n<p>En segunda planta disponemos de lavadero con espacio para almacenamiento.<\/p>\n<p>Esta propiedad, cuenta con rejas en todas sus aberturas, brindando tranquilidad y privacidad a sus residentes. Ideal tanto para aquellas personas que buscan una vivienda permanente como para aquellos inversores que desean obtener un alto rendimiento a trav\u00e9s de una renta. Ya que es ideal para persona sola, estudiantes, pareja o familia peque\u00f1a.<\/p>\n<p>Precio: USD 105.000. No deje pasar esta oportunidad \u00fanica de adquirir un inmueble en una de las zonas m\u00e1s demandadas de la ciudad. \u00a1Cont\u00e1ctenos para m\u00e1s informaci\u00f3n y no se pierda la oportunidad de visitar esta excelente propiedad!<\/p>\n","protected":false},"excerpt":{"rendered":"<p><span style=\"color: #000080\">C\u00f3modo y funcional<\/span><\/p>\n","protected":false},"featured_media":3103,"template":"","meta":[],"product_brand":[],"product_cat":[24],"product_tag":[],"class_list":{"0":"post-3102","1":"product","2":"type-product","3":"status-publish","4":"has-post-thumbnail","6":"product_cat-ventas","8":"first","9":"instock","10":"shipping-taxable","11":"product-type-simple"},"_links":{"self":[{"href":"https:\/\/circulopropiedades.uy\/home\/wp-json\/wp\/v2\/product\/3102","targetHints":{"allow":["GET"]}}],"collection":[{"href":"https:\/\/circulopropiedades.uy\/home\/wp-json\/wp\/v2\/product"}],"about":[{"href":"https:\/\/circulopropiedades.uy\/home\/wp-json\/wp\/v2\/types\/product"}],"wp:featuredmedia":[{"embeddable":true,"href":"https:\/\/circulopropiedades.uy\/home\/wp-json\/wp\/v2\/media\/3103"}],"wp:attachment":[{"href":"https:\/\/circulopropiedades.uy\/home\/wp-json\/wp\/v2\/media?parent=3102"}],"wp:term":[{"taxonomy":"product_brand","embeddable":true,"href":"https:\/\/circulopropiedades.uy\/home\/wp-json\/wp\/v2\/product_brand?post=3102"},{"taxonomy":"product_cat","embeddable":true,"href":"https:\/\/circulopropiedades.uy\/home\/wp-json\/wp\/v2\/product_cat?post=3102"},{"taxonomy":"product_tag","embeddable":true,"href":"https:\/\/circulopropiedades.uy\/home\/wp-json\/wp\/v2\/product_tag?post=3102"}],"curies":[{"name":"wp","href":"https:\/\/api.w.org\/{rel}","templated":true}]}}