{"id":3099,"date":"2024-09-23T18:06:28","date_gmt":"2024-09-23T18:06:28","guid":{"rendered":"https:\/\/circulopropiedades.uy\/home\/?post_type=product&#038;p=3099"},"modified":"2024-09-23T18:08:59","modified_gmt":"2024-09-23T18:08:59","slug":"oficina-consultorio-en-edificio-iconico-con-vista-despejada-al-mar-2","status":"publish","type":"product","link":"https:\/\/circulopropiedades.uy\/home\/producto\/oficina-consultorio-en-edificio-iconico-con-vista-despejada-al-mar-2\/","title":{"rendered":"Oficina\/Consultorio en edificio ic\u00f3nico con vista despejada al mar"},"content":{"rendered":"<p><strong>Precio de alquiler: $ 20.000<br \/>\nGastos comunes: $ 3.500<\/strong><\/p>\n<p>En alquiler, presentamos esta excelente unidad ubicada en Pocitos, Montevideo.<\/p>\n<p>A menos de 100 metros del mar, es un edificio ic\u00f3nico, que ha sido revalorizado bajo un nuevo prop\u00f3sito, reaprovechando su estructura para convertirla en espacios de trabajo que impulsen el m\u00e1ximo potencial de las personas.<\/p>\n<p>Dise\u00f1ado para satisfacer las necesidades de emprendedores, trabajadores independientes, consultorios m\u00e9dicos en general, estudios, espacios para psic\u00f3logos, psicopedagogos, nutricionistas, escriban\u00edas, est\u00e9tica, y mucho m\u00e1s.<\/p>\n<p>Ofrece una amplia variedad de opciones modernas para espacios de trabajo, promoviendo un ambiente profesional con acceso a todos los servicios.<\/p>\n<p>Sit\u00faa tu marca en un entorno empresarial que promueve el desarrollo profesional y potencia tu crecimiento.<\/p>\n<p>Con un espacio de aproximadamente 20 metros cuadrados, un ba\u00f1o completo propio, espacio de almacenamiento con caja de seguridad y aire acondicionado esta propiedad es perfecta para aquellos que buscan un espacio funcional y listo para su uso. Su estado impecable, su ubicaci\u00f3n estrat\u00e9gica al frente con vista despejada al mar y excelente ingreso de luz natural le agregan un valor adicional para cualquier tipo de empresa o usuario.<\/p>\n<p>El edificio cuenta con amenidades que proporcionan una mayor comodidad, como una amplia recepci\u00f3n, un hall moderno con espacio para reuniones, cowork y m\u00e1s, brindan un ambiente agradable para cada uno de sus ocupantes y quienes lleguen. Ascensores que facilitan el acceso y espacios comunes muy agradables.<\/p>\n<p>Dentro de los gastos comunes est\u00e1n incluidos el servicio de Recepci\u00f3n de lunes a viernes de 8.00 a 20.00 hs. y servicio de seguridad Spotter 24 hs.<br \/>\nAdem\u00e1s, limpieza de espacios comunes, WI-FI en todo el edificio y el consumo de OSE.<\/p>\n<p>Su dise\u00f1o y distribuci\u00f3n hacen de este espacio un lugar moderno y vers\u00e1til, adaptable a las necesidades de cualquier tipo de actividad laboral.<\/p>\n<p>Con un precio de $ 20.000, esta propiedad se encuentra en una ubicaci\u00f3n privilegiada, en una zona de gran demanda y crecimiento en Montevideo.<\/p>\n<p>No pierda la oportunidad de alquilar esta oficina en excelente estado, lista para comenzar a trabajar.<br \/>\nNo dude en contactarnos para obtener m\u00e1s informaci\u00f3n o coordinar una visita a esta propiedad \u00fanica.<\/p>\n","protected":false},"excerpt":{"rendered":"<p><span style=\"color: #000080\">Dise\u00f1o y confort<\/span><\/p>\n","protected":false},"featured_media":3075,"template":"","meta":[],"product_brand":[],"product_cat":[23],"product_tag":[],"class_list":{"0":"post-3099","1":"product","2":"type-product","3":"status-publish","4":"has-post-thumbnail","6":"product_cat-alquileres","8":"first","9":"instock","10":"shipping-taxable","11":"product-type-simple"},"_links":{"self":[{"href":"https:\/\/circulopropiedades.uy\/home\/wp-json\/wp\/v2\/product\/3099","targetHints":{"allow":["GET"]}}],"collection":[{"href":"https:\/\/circulopropiedades.uy\/home\/wp-json\/wp\/v2\/product"}],"about":[{"href":"https:\/\/circulopropiedades.uy\/home\/wp-json\/wp\/v2\/types\/product"}],"wp:featuredmedia":[{"embeddable":true,"href":"https:\/\/circulopropiedades.uy\/home\/wp-json\/wp\/v2\/media\/3075"}],"wp:attachment":[{"href":"https:\/\/circulopropiedades.uy\/home\/wp-json\/wp\/v2\/media?parent=3099"}],"wp:term":[{"taxonomy":"product_brand","embeddable":true,"href":"https:\/\/circulopropiedades.uy\/home\/wp-json\/wp\/v2\/product_brand?post=3099"},{"taxonomy":"product_cat","embeddable":true,"href":"https:\/\/circulopropiedades.uy\/home\/wp-json\/wp\/v2\/product_cat?post=3099"},{"taxonomy":"product_tag","embeddable":true,"href":"https:\/\/circulopropiedades.uy\/home\/wp-json\/wp\/v2\/product_tag?post=3099"}],"curies":[{"name":"wp","href":"https:\/\/api.w.org\/{rel}","templated":true}]}}