{"id":3053,"date":"2024-05-16T19:07:37","date_gmt":"2024-05-16T19:07:37","guid":{"rendered":"https:\/\/circulopropiedades.uy\/home\/?post_type=product&#038;p=3053"},"modified":"2025-05-28T19:26:31","modified_gmt":"2025-05-28T19:26:31","slug":"apartamento-2-dormitorios-con-patio-y-balcon","status":"publish","type":"product","link":"https:\/\/circulopropiedades.uy\/home\/producto\/apartamento-2-dormitorios-con-patio-y-balcon\/","title":{"rendered":"Apartamento, 2 dormitorios con patio y balc\u00f3n."},"content":{"rendered":"<p><strong>Precio de venta: USD 139.000<\/strong><br \/>\n<strong>Admite banco.<br \/>\nGastos comunes: $ 3.000<br \/>\nNo acepta permuta.<\/strong><\/p>\n<p>Maravilloso apartamento en venta en la privilegiada ubicaci\u00f3n de Ciudad Vieja, Montevideo. Esta propiedad de 2 dormitorios y 1 ba\u00f1o ofrece una excelente oportunidad para aquellos que desean vivir en una de las zonas m\u00e1s hist\u00f3ricas y en crecimiento de la ciudad.<\/p>\n<p>Con una superficie de 55m2, este apartamento se encuentra en un estado impecable, lo que garantiza una experiencia de vida c\u00f3moda y de calidad. Cuenta con comodidades como un balc\u00f3n con vista a la Plaza Zabala al norte y al sur se llega a ver el mar dada su cercan\u00eda. Living comedor, patio interno que otorga un gran desahogo, luz natural al recibidor, al living comedor y a la cocina a trav\u00e9s de una importante abertura.<\/p>\n<p>La misma cuenta con a\u00e9reos, bajo mesada y desayunador. Bien distribuidos y con buena capacidad de almacenamiento. Placard en el dormitorio con vista al frente.<\/p>\n<p>El aire acondicionado permite mantener un ambiente fresco y confortable en los d\u00edas m\u00e1s calurosos.<\/p>\n<p>Adem\u00e1s el patio cuenta con conexi\u00f3n para lavarropas.<\/p>\n<p>El precio de esta propiedad es de USD 139.000, convirti\u00e9ndola en una inversi\u00f3n muy atractiva en uno de los destinos m\u00e1s buscados de Montevideo. Tanto por turistas, como por estudiantes, familias y trabajadores que prefieren estar inmersos en una zona de amplio inter\u00e9s hist\u00f3rico y arquitect\u00f3nico, caracterizado por su puerto, por la concentraci\u00f3n de edificios administrativos y de oficinas, siendo sede de importantes instituciones financieras, empresas y oficinas gubernamentales. A su vez, presenta museos, galer\u00edas de arte y centros culturales, as\u00ed como restaurantes, caf\u00e9s, centros de salud, escuelas, colegios y mucho m\u00e1s.<\/p>\n<p>No pierdas la oportunidad de obtener este apartamento con todas sus comodidades y disfrutar de la vida en Ciudad Vieja.<\/p>\n<p>Comunicate con nosotros para ampliar informaci\u00f3n.<\/p>\n<p><strong>\u00a0<\/strong><\/p>\n","protected":false},"excerpt":{"rendered":"<p><span style=\"color: #000080\">Ubicaci\u00f3n privilegiada.<\/span><\/p>\n","protected":false},"featured_media":3054,"template":"","meta":[],"product_brand":[],"product_cat":[24],"product_tag":[],"class_list":{"0":"post-3053","1":"product","2":"type-product","3":"status-publish","4":"has-post-thumbnail","6":"product_cat-ventas","8":"first","9":"instock","10":"featured","11":"shipping-taxable","12":"product-type-simple"},"_links":{"self":[{"href":"https:\/\/circulopropiedades.uy\/home\/wp-json\/wp\/v2\/product\/3053","targetHints":{"allow":["GET"]}}],"collection":[{"href":"https:\/\/circulopropiedades.uy\/home\/wp-json\/wp\/v2\/product"}],"about":[{"href":"https:\/\/circulopropiedades.uy\/home\/wp-json\/wp\/v2\/types\/product"}],"wp:featuredmedia":[{"embeddable":true,"href":"https:\/\/circulopropiedades.uy\/home\/wp-json\/wp\/v2\/media\/3054"}],"wp:attachment":[{"href":"https:\/\/circulopropiedades.uy\/home\/wp-json\/wp\/v2\/media?parent=3053"}],"wp:term":[{"taxonomy":"product_brand","embeddable":true,"href":"https:\/\/circulopropiedades.uy\/home\/wp-json\/wp\/v2\/product_brand?post=3053"},{"taxonomy":"product_cat","embeddable":true,"href":"https:\/\/circulopropiedades.uy\/home\/wp-json\/wp\/v2\/product_cat?post=3053"},{"taxonomy":"product_tag","embeddable":true,"href":"https:\/\/circulopropiedades.uy\/home\/wp-json\/wp\/v2\/product_tag?post=3053"}],"curies":[{"name":"wp","href":"https:\/\/api.w.org\/{rel}","templated":true}]}}