{"id":3036,"date":"2024-05-10T21:15:49","date_gmt":"2024-05-10T21:15:49","guid":{"rendered":"https:\/\/circulopropiedades.uy\/home\/?post_type=product&#038;p=3036"},"modified":"2024-09-30T20:41:15","modified_gmt":"2024-09-30T20:41:15","slug":"local-totalmente-equipado-en-punto-privilegiado","status":"publish","type":"product","link":"https:\/\/circulopropiedades.uy\/home\/producto\/local-totalmente-equipado-en-punto-privilegiado\/","title":{"rendered":"Local totalmente equipado en punto privilegiado."},"content":{"rendered":"<p><strong>Precio de venta: USD 180.000<\/strong><br \/>\n<strong>Acepta banco.<\/strong><\/p>\n<p>Este magn\u00edfico local comercial de 43 m2 en excelente estado se encuentra ubicado en el coraz\u00f3n del Centro de Montevideo. Con una distribuci\u00f3n tipo monoambiente, este espacio ofrece versatilidad y muchas posibilidades para adaptarlo a cualquier tipo de negocio.<\/p>\n<p>Este local totalmente renovado cuenta con dos modernos ba\u00f1os, lo que lo convierte en una opci\u00f3n c\u00f3moda para clientes y empleados. Adem\u00e1s, se encuentra completamente amueblado y con equipamiento nuevo. Con absolutamente todo lo necesario para una cafeter\u00eda. Adem\u00e1s, amenidades adicionales como un box de almacenamiento, 2 dep\u00f3sitos, equipo de aire acondicionado, heladeras, freezer, calef\u00f3n, luminarias y todo lo que se visualiza en las im\u00e1genes. Tambi\u00e9n conexi\u00f3n a WiFi, lo que garantiza un ambiente c\u00f3modo y funcional.<\/p>\n<p>En cuanto a la seguridad, este local ofrece la tranquilidad que todo negocio necesita. Cuenta con alarma, c\u00e1maras CCTV, port\u00f3n el\u00e9ctrico y rejas en sus ventanas, brindando protecci\u00f3n y tranquilidad tanto para los propietarios como para los clientes.<\/p>\n<p>Con todas estas caracter\u00edsticas y una ubicaci\u00f3n privilegiada, este local comercial es una oportunidad \u00fanica en su estado para invertir en el coraz\u00f3n de Montevideo. No pierdas la oportunidad de adquirirlo y llevar adelante tu emprendimiento en un lugar estrat\u00e9gico y con todas las comodidades necesarias. \u00a1Cont\u00e1ctanos hoy mismo para m\u00e1s informaci\u00f3n!<\/p>\n","protected":false},"excerpt":{"rendered":"<p><span style=\"color: #000080\">\u00danico en su estado.<\/span><\/p>\n","protected":false},"featured_media":3037,"template":"","meta":[],"product_brand":[],"product_cat":[24],"product_tag":[],"class_list":{"0":"post-3036","1":"product","2":"type-product","3":"status-publish","4":"has-post-thumbnail","6":"product_cat-ventas","8":"first","9":"instock","10":"shipping-taxable","11":"product-type-simple"},"_links":{"self":[{"href":"https:\/\/circulopropiedades.uy\/home\/wp-json\/wp\/v2\/product\/3036","targetHints":{"allow":["GET"]}}],"collection":[{"href":"https:\/\/circulopropiedades.uy\/home\/wp-json\/wp\/v2\/product"}],"about":[{"href":"https:\/\/circulopropiedades.uy\/home\/wp-json\/wp\/v2\/types\/product"}],"wp:featuredmedia":[{"embeddable":true,"href":"https:\/\/circulopropiedades.uy\/home\/wp-json\/wp\/v2\/media\/3037"}],"wp:attachment":[{"href":"https:\/\/circulopropiedades.uy\/home\/wp-json\/wp\/v2\/media?parent=3036"}],"wp:term":[{"taxonomy":"product_brand","embeddable":true,"href":"https:\/\/circulopropiedades.uy\/home\/wp-json\/wp\/v2\/product_brand?post=3036"},{"taxonomy":"product_cat","embeddable":true,"href":"https:\/\/circulopropiedades.uy\/home\/wp-json\/wp\/v2\/product_cat?post=3036"},{"taxonomy":"product_tag","embeddable":true,"href":"https:\/\/circulopropiedades.uy\/home\/wp-json\/wp\/v2\/product_tag?post=3036"}],"curies":[{"name":"wp","href":"https:\/\/api.w.org\/{rel}","templated":true}]}}