{"id":2987,"date":"2024-04-27T00:31:54","date_gmt":"2024-04-27T00:31:54","guid":{"rendered":"https:\/\/circulopropiedades.uy\/home\/?post_type=product&#038;p=2987"},"modified":"2024-04-27T00:31:54","modified_gmt":"2024-04-27T00:31:54","slug":"apartamento-renovado-en-complejo-privado-euskal-erria-92","status":"publish","type":"product","link":"https:\/\/circulopropiedades.uy\/home\/producto\/apartamento-renovado-en-complejo-privado-euskal-erria-92\/","title":{"rendered":"Apartamento renovado en complejo privado Euskal Err\u00eda 92"},"content":{"rendered":"<p><strong>Precio de venta: USD 50.900<\/strong><br \/>\n<strong>Acepta banco.\u00a0<\/strong><br \/>\n<strong>Consulte por permuta.<\/strong><\/p>\n<p>Presentamos este buen apartamento de 1 dormitorio, 1 ba\u00f1o y cocina integrada ubicado en el complejo privado de viviendas Euskal Err\u00eda 92 en la zona de Malv\u00edn Norte, Montevideo. Con una superficie de 34 m2, esta propiedad se encuentra en buen estado y ha sido renovado por su propietario.<\/p>\n<p>Este apartamento cuenta con diversas amenidades que brindan comodidad y calidad de vida. Entre ellas, destacan una cochera para estacionamiento vigilado, un jard\u00edn donde disfrutar de momentos al aire libre, un amplio living comedor tomando en cuenta las dimensiones totales para un ambiente acogedor. Adem\u00e1s, cuenta con una peque\u00f1a terraza lavadero, aire acondicionado y ascensor, proporcionando facilidades y confort a sus residentes.<\/p>\n<p>Extenso patio verde dentro del complejo. Arbolado, natural para relajarse o recrearse al aire libre.<\/p>\n<p>Limpieza y mantenimiento en jardines y parque.<\/p>\n<p>En cuanto a la seguridad, esta propiedad se encuentra protegida con cerca perimetral, porter\u00eda 24 horas, rejas y guardia de seguridad, brindando tranquilidad y resguardo a sus habitantes.<\/p>\n<p>La zona cuenta con todos los servicios en pocos metros a la redonda. Adem\u00e1s de complejos deportivos, escuelas, centros de salud, gimnasios y todo lo que sea necesario.<\/p>\n<p>Este apartamento es una excelente oportunidad de inversi\u00f3n, debido a su ubicaci\u00f3n, sus bajos costos fijos, comodidades y su estado de conservaci\u00f3n. No pierdas la oportunidad de adquirir esta propiedad.<\/p>\n<p>Comunicate con nosotros hoy mismo para ampliar informaci\u00f3n.<\/p>\n","protected":false},"excerpt":{"rendered":"<p><span style=\"color: #000080\">Seguro, con todos los servicios.<\/span><\/p>\n","protected":false},"featured_media":2988,"template":"","meta":[],"product_brand":[],"product_cat":[24],"product_tag":[],"class_list":{"0":"post-2987","1":"product","2":"type-product","3":"status-publish","4":"has-post-thumbnail","6":"product_cat-ventas","8":"first","9":"instock","10":"shipping-taxable","11":"product-type-simple"},"_links":{"self":[{"href":"https:\/\/circulopropiedades.uy\/home\/wp-json\/wp\/v2\/product\/2987","targetHints":{"allow":["GET"]}}],"collection":[{"href":"https:\/\/circulopropiedades.uy\/home\/wp-json\/wp\/v2\/product"}],"about":[{"href":"https:\/\/circulopropiedades.uy\/home\/wp-json\/wp\/v2\/types\/product"}],"wp:featuredmedia":[{"embeddable":true,"href":"https:\/\/circulopropiedades.uy\/home\/wp-json\/wp\/v2\/media\/2988"}],"wp:attachment":[{"href":"https:\/\/circulopropiedades.uy\/home\/wp-json\/wp\/v2\/media?parent=2987"}],"wp:term":[{"taxonomy":"product_brand","embeddable":true,"href":"https:\/\/circulopropiedades.uy\/home\/wp-json\/wp\/v2\/product_brand?post=2987"},{"taxonomy":"product_cat","embeddable":true,"href":"https:\/\/circulopropiedades.uy\/home\/wp-json\/wp\/v2\/product_cat?post=2987"},{"taxonomy":"product_tag","embeddable":true,"href":"https:\/\/circulopropiedades.uy\/home\/wp-json\/wp\/v2\/product_tag?post=2987"}],"curies":[{"name":"wp","href":"https:\/\/api.w.org\/{rel}","templated":true}]}}