{"id":2915,"date":"2024-03-12T21:17:03","date_gmt":"2024-03-12T21:17:03","guid":{"rendered":"https:\/\/circulopropiedades.uy\/home\/?post_type=product&#038;p=2915"},"modified":"2025-07-30T19:32:13","modified_gmt":"2025-07-30T19:32:13","slug":"casa-3-dormitorios-fondo-barbacoa-en-unico-padron","status":"publish","type":"product","link":"https:\/\/circulopropiedades.uy\/home\/producto\/casa-3-dormitorios-fondo-barbacoa-en-unico-padron\/","title":{"rendered":"Casa 3 dormitorios, fondo, barbacoa en \u00fanico padr\u00f3n."},"content":{"rendered":"<p><strong>PRECIO DE VENTA: USD 205.000<\/strong><\/p>\n<p><strong><br \/>\n<\/strong>Esta incre\u00edble propiedad en venta se encuentra ubicada en Piedras Blancas, Montevideo, a metros de Av. J. Belloni y Gral. Flores. En un punto altamente comercial, con todos los servicios y 18 l\u00edneas de transporte urbano y sub urbano. Muy transitada y con alta visibilidad los 7 d\u00edas de la semana. Con una distribuci\u00f3n de 3 dormitorios y 2 ba\u00f1os, living comedor con divisi\u00f3n liviana y cocina definida con comedor diario es perfecta para brindar espacio y comodidad a toda la familia o bien a empresas. La casa cuenta con numerosas amenidades que garantizan el m\u00e1ximo confort, como aire acondicionado, estufa a le\u00f1a, barbacoa con parrillero, lavadero, cochera techada, garaje, dep\u00f3sito, instalaci\u00f3n de TV cable, patio, placard en la cocina, previsi\u00f3n A.A. y Wi-Fi. En t\u00e9rminos de seguridad esta propiedad cuenta con circuito cerrado de c\u00e1maras de seguridad (CCTV), cerca perimetral, portones el\u00e9ctricos y rejas en todas las ventanas y accesos. En excelente estado de conservaci\u00f3n, techo de planchada e isopaneles para mejorar el aislamiento t\u00e9rmico, esta propiedad se destaca por su amplitud, dise\u00f1o y calidad de construcci\u00f3n, convirti\u00e9ndola en una gran oportunidad de inversi\u00f3n.<\/p>\n<p>Cont\u00e1ctanos para ampliar informaci\u00f3n.<\/p>\n","protected":false},"excerpt":{"rendered":"<p><span style=\"color: #000080\">Ideal Familia o Empresa<\/span><\/p>\n","protected":false},"featured_media":2916,"template":"","meta":[],"product_brand":[],"product_cat":[24],"product_tag":[],"class_list":{"0":"post-2915","1":"product","2":"type-product","3":"status-publish","4":"has-post-thumbnail","6":"product_cat-ventas","8":"first","9":"instock","10":"featured","11":"shipping-taxable","12":"product-type-simple"},"_links":{"self":[{"href":"https:\/\/circulopropiedades.uy\/home\/wp-json\/wp\/v2\/product\/2915","targetHints":{"allow":["GET"]}}],"collection":[{"href":"https:\/\/circulopropiedades.uy\/home\/wp-json\/wp\/v2\/product"}],"about":[{"href":"https:\/\/circulopropiedades.uy\/home\/wp-json\/wp\/v2\/types\/product"}],"wp:featuredmedia":[{"embeddable":true,"href":"https:\/\/circulopropiedades.uy\/home\/wp-json\/wp\/v2\/media\/2916"}],"wp:attachment":[{"href":"https:\/\/circulopropiedades.uy\/home\/wp-json\/wp\/v2\/media?parent=2915"}],"wp:term":[{"taxonomy":"product_brand","embeddable":true,"href":"https:\/\/circulopropiedades.uy\/home\/wp-json\/wp\/v2\/product_brand?post=2915"},{"taxonomy":"product_cat","embeddable":true,"href":"https:\/\/circulopropiedades.uy\/home\/wp-json\/wp\/v2\/product_cat?post=2915"},{"taxonomy":"product_tag","embeddable":true,"href":"https:\/\/circulopropiedades.uy\/home\/wp-json\/wp\/v2\/product_tag?post=2915"}],"curies":[{"name":"wp","href":"https:\/\/api.w.org\/{rel}","templated":true}]}}