{"id":2898,"date":"2024-02-02T21:17:15","date_gmt":"2024-02-02T21:17:15","guid":{"rendered":"https:\/\/circulopropiedades.uy\/home\/?post_type=product&#038;p=2898"},"modified":"2025-05-28T19:25:52","modified_gmt":"2025-05-28T19:25:52","slug":"apartamento-2-dormitorios-en-ciudad-vieja","status":"publish","type":"product","link":"https:\/\/circulopropiedades.uy\/home\/producto\/apartamento-2-dormitorios-en-ciudad-vieja\/","title":{"rendered":"Apartamento 2 dormitorios en Ciudad Vieja."},"content":{"rendered":"<p><strong>Precio de venta: USD 89.000<\/strong><\/p>\n<p>Apartamento emplazado en un excelente punto de Ciudad Vieja. A metros del Hospital Maciel, de peatonal Sarand\u00ed, Plaza Zabala, Mercado del Puerto, escollera Sarand\u00ed y rambla. Con espacios al aire libre para disfrutar todo el a\u00f1o, sectores de deportes, gastronom\u00eda, museos y m\u00e1s.<\/p>\n<p>Zona dotada de servicios y transporte.<\/p>\n<p>La unidad absolutamente mantenida y con mejoras que la hacen \u00fanica.<\/p>\n<p>Segundo piso por escalera, al ingresar un recibidor de buenas dimensiones, living comedor y cocina integrada renovada, ba\u00f1o realizado a nuevo, 2 dormitorios de buenas dimensiones, el segundo con terraza al frente. Peque\u00f1o patio.<\/p>\n<p>Apartamento en impecables condiciones.<\/p>\n<p>Estamos a tu disposici\u00f3n para ampliar informaci\u00f3n.<\/p>\n","protected":false},"excerpt":{"rendered":"<p><span style=\"color: #000080\">C\u00f3modo y funcional<\/span><\/p>\n","protected":false},"featured_media":2899,"template":"","meta":[],"product_brand":[],"product_cat":[24],"product_tag":[],"class_list":{"0":"post-2898","1":"product","2":"type-product","3":"status-publish","4":"has-post-thumbnail","6":"product_cat-ventas","8":"first","9":"instock","10":"shipping-taxable","11":"product-type-simple"},"_links":{"self":[{"href":"https:\/\/circulopropiedades.uy\/home\/wp-json\/wp\/v2\/product\/2898","targetHints":{"allow":["GET"]}}],"collection":[{"href":"https:\/\/circulopropiedades.uy\/home\/wp-json\/wp\/v2\/product"}],"about":[{"href":"https:\/\/circulopropiedades.uy\/home\/wp-json\/wp\/v2\/types\/product"}],"wp:featuredmedia":[{"embeddable":true,"href":"https:\/\/circulopropiedades.uy\/home\/wp-json\/wp\/v2\/media\/2899"}],"wp:attachment":[{"href":"https:\/\/circulopropiedades.uy\/home\/wp-json\/wp\/v2\/media?parent=2898"}],"wp:term":[{"taxonomy":"product_brand","embeddable":true,"href":"https:\/\/circulopropiedades.uy\/home\/wp-json\/wp\/v2\/product_brand?post=2898"},{"taxonomy":"product_cat","embeddable":true,"href":"https:\/\/circulopropiedades.uy\/home\/wp-json\/wp\/v2\/product_cat?post=2898"},{"taxonomy":"product_tag","embeddable":true,"href":"https:\/\/circulopropiedades.uy\/home\/wp-json\/wp\/v2\/product_tag?post=2898"}],"curies":[{"name":"wp","href":"https:\/\/api.w.org\/{rel}","templated":true}]}}