{"id":2880,"date":"2023-12-22T17:52:32","date_gmt":"2023-12-22T17:52:32","guid":{"rendered":"https:\/\/circulopropiedades.uy\/home\/?post_type=product&#038;p=2880"},"modified":"2023-12-22T17:52:32","modified_gmt":"2023-12-22T17:52:32","slug":"casa-semi-reciclada-con-excelentes-posibilidades-de-mejora","status":"publish","type":"product","link":"https:\/\/circulopropiedades.uy\/home\/producto\/casa-semi-reciclada-con-excelentes-posibilidades-de-mejora\/","title":{"rendered":"Casa semi reciclada con excelentes posibilidades de mejora"},"content":{"rendered":"<p><strong>Precio de venta: USD 59.900<\/strong><\/p>\n<p>Comodidades de la propiedad:<br \/>\nCochera<br \/>\nDep\u00f3sito<br \/>\nPrevisi\u00f3n A.A.<br \/>\nPatio<br \/>\nLiving comedor<br \/>\nDescripci\u00f3n<br \/>\nOportunidad de inversi\u00f3n.<\/p>\n<p>Casa con espacios reciclados. Luminosa y con muy buena ventilaci\u00f3n.<br \/>\nLiving &#8211; comedor en muy buenas condiciones.<br \/>\nCocina definida reciclada.<br \/>\nBa\u00f1o.<br \/>\nDormitorio principal espacioso sin reciclar.<br \/>\n2 dormitorios reciclados en excelentes condiciones y opci\u00f3n de reciclar un cuarto dormitorio ubicado en el galp\u00f3n con conexi\u00f3n subterr\u00e1nea de agua ya prevista para un segundo ba\u00f1o.<br \/>\nFrente reciclado a nuevo.<br \/>\nPatio lateral amplio con opci\u00f3n para dos veh\u00edculos<br \/>\nGalp\u00f3n techado con espacio para dos veh\u00edculos, opciones de almacenamiento y port\u00f3n corredizo.<br \/>\nA pocos metros de Av. Carlos Ma. Ram\u00edrez. Zona comercial con servicios, buen transporte, escuelas, liceo, UTU, centro de salud, terminal de \u00f3mnibus, PTI Cerro, entre otros.<\/p>\n<p>Comunicate con nosotros para ampliar informaci\u00f3n.<\/p>\n","protected":false},"excerpt":{"rendered":"<p><span style=\"color: #000080\">Ideal inversi\u00f3n<\/span><\/p>\n","protected":false},"featured_media":2881,"template":"","meta":[],"product_brand":[],"product_cat":[24],"product_tag":[],"class_list":{"0":"post-2880","1":"product","2":"type-product","3":"status-publish","4":"has-post-thumbnail","6":"product_cat-ventas","8":"first","9":"instock","10":"shipping-taxable","11":"product-type-simple"},"_links":{"self":[{"href":"https:\/\/circulopropiedades.uy\/home\/wp-json\/wp\/v2\/product\/2880","targetHints":{"allow":["GET"]}}],"collection":[{"href":"https:\/\/circulopropiedades.uy\/home\/wp-json\/wp\/v2\/product"}],"about":[{"href":"https:\/\/circulopropiedades.uy\/home\/wp-json\/wp\/v2\/types\/product"}],"wp:featuredmedia":[{"embeddable":true,"href":"https:\/\/circulopropiedades.uy\/home\/wp-json\/wp\/v2\/media\/2881"}],"wp:attachment":[{"href":"https:\/\/circulopropiedades.uy\/home\/wp-json\/wp\/v2\/media?parent=2880"}],"wp:term":[{"taxonomy":"product_brand","embeddable":true,"href":"https:\/\/circulopropiedades.uy\/home\/wp-json\/wp\/v2\/product_brand?post=2880"},{"taxonomy":"product_cat","embeddable":true,"href":"https:\/\/circulopropiedades.uy\/home\/wp-json\/wp\/v2\/product_cat?post=2880"},{"taxonomy":"product_tag","embeddable":true,"href":"https:\/\/circulopropiedades.uy\/home\/wp-json\/wp\/v2\/product_tag?post=2880"}],"curies":[{"name":"wp","href":"https:\/\/api.w.org\/{rel}","templated":true}]}}