{"id":2863,"date":"2023-12-20T19:42:01","date_gmt":"2023-12-20T19:42:01","guid":{"rendered":"https:\/\/circulopropiedades.uy\/home\/?post_type=product&#038;p=2863"},"modified":"2024-04-15T18:07:31","modified_gmt":"2024-04-15T18:07:31","slug":"local-destacado-en-ciudad-vieja","status":"publish","type":"product","link":"https:\/\/circulopropiedades.uy\/home\/producto\/local-destacado-en-ciudad-vieja\/","title":{"rendered":"Local destacado en Ciudad Vieja."},"content":{"rendered":"<p><strong>Precio de venta: USD 39.000<br \/>\nBajos costos fijos.<br \/>\nLa mercader\u00eda no est\u00e1 incluida en el precio de venta.<\/strong><\/p>\n<p>Excepcional local en el coraz\u00f3n de la Ciudad Vieja.<\/p>\n<p>Emplazado en una ubicaci\u00f3n de privilegio siendo una zona de alto tr\u00e1nsito, rodeado de entidades bancarias, organismos estatales como son la Corte Electoral, Oficina del Registro C\u00edvico, Juzgados, Ministerio de Transporte, Fiscal\u00eda, Contadur\u00eda General de la Naci\u00f3n, C\u00e1mara Nacional de Comercio, entre otros.<br \/>\nAdem\u00e1s el local est\u00e1 rodeado de edificios de oficinas de gran porte, empresas privadas y muchos puntos de inter\u00e9s tur\u00edsticos.<br \/>\nA media cuadra de la nueva peatonal Rinc\u00f3n y aproximadamente a 100 metros de la peatonal Sarand\u00ed.<br \/>\nCuidadosamente dise\u00f1ado y mantenido cuenta con detalles \u00fanicos como la evacuaci\u00f3n de aires de heladeras, el dise\u00f1o eficiente en la iluminaci\u00f3n, la el\u00e9ctrica realizada a nuevo y con elementos de seguridad como son alarma con sensores y respuesta, circuito cerrado de c\u00e1maras de seguridad, cortinas met\u00e1licas y seguro.<br \/>\nEl metraje se distribuye en un gran sal\u00f3n, dep\u00f3sito de buenas dimensiones, 2 ba\u00f1os, kitchenette y oficina.<br \/>\nAmbientes muy c\u00f3modos y funcionales.<\/p>\n","protected":false},"excerpt":{"rendered":"<p><span style=\"color: #000080\">Inmejorable ubicaci\u00f3n<\/span><\/p>\n","protected":false},"featured_media":2864,"template":"","meta":[],"product_brand":[],"product_cat":[24],"product_tag":[],"class_list":{"0":"post-2863","1":"product","2":"type-product","3":"status-publish","4":"has-post-thumbnail","6":"product_cat-ventas","8":"first","9":"instock","10":"featured","11":"shipping-taxable","12":"product-type-simple"},"_links":{"self":[{"href":"https:\/\/circulopropiedades.uy\/home\/wp-json\/wp\/v2\/product\/2863","targetHints":{"allow":["GET"]}}],"collection":[{"href":"https:\/\/circulopropiedades.uy\/home\/wp-json\/wp\/v2\/product"}],"about":[{"href":"https:\/\/circulopropiedades.uy\/home\/wp-json\/wp\/v2\/types\/product"}],"wp:featuredmedia":[{"embeddable":true,"href":"https:\/\/circulopropiedades.uy\/home\/wp-json\/wp\/v2\/media\/2864"}],"wp:attachment":[{"href":"https:\/\/circulopropiedades.uy\/home\/wp-json\/wp\/v2\/media?parent=2863"}],"wp:term":[{"taxonomy":"product_brand","embeddable":true,"href":"https:\/\/circulopropiedades.uy\/home\/wp-json\/wp\/v2\/product_brand?post=2863"},{"taxonomy":"product_cat","embeddable":true,"href":"https:\/\/circulopropiedades.uy\/home\/wp-json\/wp\/v2\/product_cat?post=2863"},{"taxonomy":"product_tag","embeddable":true,"href":"https:\/\/circulopropiedades.uy\/home\/wp-json\/wp\/v2\/product_tag?post=2863"}],"curies":[{"name":"wp","href":"https:\/\/api.w.org\/{rel}","templated":true}]}}