{"id":2845,"date":"2023-11-20T20:16:05","date_gmt":"2023-11-20T20:16:05","guid":{"rendered":"https:\/\/circulopropiedades.uy\/home\/?post_type=product&#038;p=2845"},"modified":"2023-11-20T20:16:05","modified_gmt":"2023-11-20T20:16:05","slug":"apartamento-en-pb-1-dormitorio-a-metros-del-prado","status":"publish","type":"product","link":"https:\/\/circulopropiedades.uy\/home\/producto\/apartamento-en-pb-1-dormitorio-a-metros-del-prado\/","title":{"rendered":"Apartamento en PB, 1 dormitorio a metros del Prado."},"content":{"rendered":"<p><strong>Precio de venta: USD 68.000<\/strong><br \/>\n<strong>Gastos comunes: $ 1.400 (incluyen agua, luz, limpieza de \u00e1reas comunes y fondo de reserva para mantenimiento).<\/strong><br \/>\n<strong>Contribuci\u00f3n: $ 1.400 anual<\/strong><br \/>\n<strong>Tributos: $ 1.020 bimensual<\/strong><br \/>\n<strong>Primaria: $ 579 anual<\/strong><\/p>\n<p><strong>Alquiler estimado: $ 15.000<\/strong><br \/>\n<strong>Rentabilidad neta: 6,6 %<\/strong><br \/>\n<strong>Rentabilidad l\u00edquida 6,2 %<\/strong><\/p>\n<p>\ud83d\udd39\ufe0f 35 m2<br \/>\n\ud83d\udd39\ufe0f Living comedor<br \/>\n\ud83d\udd39\ufe0f 1 dormitorio<br \/>\n\ud83d\udd39\ufe0f Cocina definida<br \/>\n\ud83d\udd39\ufe0f Ba\u00f1o completo<br \/>\n\ud83d\udd39\ufe0f Patio<\/p>\n<p>Apartamento en Bella Vista l\u00edmite con Prado. Un punto incre\u00edble.<\/p>\n<p>Excelente oportunidad de inversi\u00f3n. Ideal para pareja, estudiantes o bien para personas que necesiten una unidad en planta baja.<\/p>\n<p>Muy funcional, conectado con mucho transporte dada la su ubicaci\u00f3n, tanto por Av. Agraciada, por Bv. Artigas y Av. J. Su\u00e1rez.<\/p>\n<p>Todos los servicios. A metros de Disco, de farmacias, zonas recreativas, \u00e1reas verdes, colegios, jardines, y todo lo que ofrece una zona de alta demanda.<\/p>\n<p>A la unidad se accede desde la planta baja por corredor principal iluminado.<br \/>\nConsta de living comedor, ba\u00f1o completo, patio peque\u00f1o propio que brinda respiraci\u00f3n, ventilaci\u00f3n e iluminaci\u00f3n natural.<br \/>\nPisos de pinotea en excelente estado, recientemente plastificados y pintura recientemente realizada, pronto para ocupar o alquilar.<\/p>\n<p>Excelente rentabilidad del 6,5% aproximadamente (alquiler estimado en $15.000) y muy bajos gastos comunes.<br \/>\nEl edificio cuenta con administraci\u00f3n y fondos de reserva para mantenimientos.<\/p>\n","protected":false},"excerpt":{"rendered":"<p><span style=\"color: #000080\">C\u00f3modo y funcional<\/span><\/p>\n","protected":false},"featured_media":2846,"template":"","meta":[],"product_brand":[],"product_cat":[24],"product_tag":[],"class_list":{"0":"post-2845","1":"product","2":"type-product","3":"status-publish","4":"has-post-thumbnail","6":"product_cat-ventas","8":"first","9":"instock","10":"shipping-taxable","11":"product-type-simple"},"_links":{"self":[{"href":"https:\/\/circulopropiedades.uy\/home\/wp-json\/wp\/v2\/product\/2845","targetHints":{"allow":["GET"]}}],"collection":[{"href":"https:\/\/circulopropiedades.uy\/home\/wp-json\/wp\/v2\/product"}],"about":[{"href":"https:\/\/circulopropiedades.uy\/home\/wp-json\/wp\/v2\/types\/product"}],"wp:featuredmedia":[{"embeddable":true,"href":"https:\/\/circulopropiedades.uy\/home\/wp-json\/wp\/v2\/media\/2846"}],"wp:attachment":[{"href":"https:\/\/circulopropiedades.uy\/home\/wp-json\/wp\/v2\/media?parent=2845"}],"wp:term":[{"taxonomy":"product_brand","embeddable":true,"href":"https:\/\/circulopropiedades.uy\/home\/wp-json\/wp\/v2\/product_brand?post=2845"},{"taxonomy":"product_cat","embeddable":true,"href":"https:\/\/circulopropiedades.uy\/home\/wp-json\/wp\/v2\/product_cat?post=2845"},{"taxonomy":"product_tag","embeddable":true,"href":"https:\/\/circulopropiedades.uy\/home\/wp-json\/wp\/v2\/product_tag?post=2845"}],"curies":[{"name":"wp","href":"https:\/\/api.w.org\/{rel}","templated":true}]}}