{"id":2828,"date":"2023-11-14T18:54:15","date_gmt":"2023-11-14T18:54:15","guid":{"rendered":"https:\/\/circulopropiedades.uy\/home\/?post_type=product&#038;p=2828"},"modified":"2023-11-14T18:54:15","modified_gmt":"2023-11-14T18:54:15","slug":"casa-de-1-dormitorio-al-frente-en-ph-acceso-independiente","status":"publish","type":"product","link":"https:\/\/circulopropiedades.uy\/home\/producto\/casa-de-1-dormitorio-al-frente-en-ph-acceso-independiente\/","title":{"rendered":"Casa de 1 dormitorio al frente en PH. Acceso independiente."},"content":{"rendered":"<p><strong>Precio de venta: USD 49.900<\/strong><br \/>\n<strong>Contribuci\u00f3n: $ 1.300 anual<\/strong><br \/>\n<strong>Primaria: $ 1.000 anual<\/strong><br \/>\n<strong>Tributos: $ 1.000 anual<\/strong><\/p>\n<p>Comodidades de la propiedad<br \/>\nDep\u00f3sito &#8211; Placard en cocina &#8211; Terraza Lavadero- Previsi\u00f3n A.A. &#8211; Jard\u00edn &#8211; Patio &#8211; Living comedor<\/p>\n<p><strong>Descripci\u00f3n<\/strong><br \/>\nCasa al frente en PH con acceso independiente, delimitada por muros y rejas que le otorgan privacidad tanto al jard\u00edn como al patio.<\/p>\n<p>La propiedad se encuentra en muy buen estado de conservaci\u00f3n, muy cuidada por sus propietarios.<\/p>\n<p>La misma se distribuye de la siguiente manera:<br \/>\n&#8211; Jard\u00edn de 30 m2<br \/>\n&#8211; Living comedor<br \/>\n&#8211; Dormitorio<br \/>\n&#8211; Ba\u00f1o completo<br \/>\n&#8211; Cocina definida<br \/>\n&#8211; Patio de 12 m2<br \/>\n&#8211; Dep\u00f3sito 3 m2<\/p>\n<p>El living comedor con piso de \u00e9poca en excelente estado de conservaci\u00f3n. Cuenta adem\u00e1s con conexi\u00f3n de salida de humo para estufa de alto rendimiento.<br \/>\nAmplio dormitorio con piso de parquet en excelente estado y previsi\u00f3n para aire acondicionado.<br \/>\nBa\u00f1o completo con cer\u00e1mica en piso y paredes.<br \/>\nCocina con piso de \u00e9poca, actualizada con mobiliario a medida, gran capacidad de almacenamiento, horno y microondas empotrados, campana, a\u00e9reos y bajo mesada.<br \/>\nPatio con espacio para lavarropas.<br \/>\nRejas en todas sus aberturas.<br \/>\nZona tranquila con servicios, transporte, policl\u00ednica, seccional policial, colegios, escuelas, opciones deportivas, entre otros y a pasos del Hip\u00f3dromo de Maro\u00f1as.<\/p>\n","protected":false},"excerpt":{"rendered":"<p><span style=\"color: #000080\">Acceso independiente.<\/span><\/p>\n","protected":false},"featured_media":2841,"template":"","meta":[],"product_brand":[],"product_cat":[24],"product_tag":[],"class_list":{"0":"post-2828","1":"product","2":"type-product","3":"status-publish","4":"has-post-thumbnail","6":"product_cat-ventas","8":"first","9":"instock","10":"shipping-taxable","11":"product-type-simple"},"_links":{"self":[{"href":"https:\/\/circulopropiedades.uy\/home\/wp-json\/wp\/v2\/product\/2828","targetHints":{"allow":["GET"]}}],"collection":[{"href":"https:\/\/circulopropiedades.uy\/home\/wp-json\/wp\/v2\/product"}],"about":[{"href":"https:\/\/circulopropiedades.uy\/home\/wp-json\/wp\/v2\/types\/product"}],"wp:featuredmedia":[{"embeddable":true,"href":"https:\/\/circulopropiedades.uy\/home\/wp-json\/wp\/v2\/media\/2841"}],"wp:attachment":[{"href":"https:\/\/circulopropiedades.uy\/home\/wp-json\/wp\/v2\/media?parent=2828"}],"wp:term":[{"taxonomy":"product_brand","embeddable":true,"href":"https:\/\/circulopropiedades.uy\/home\/wp-json\/wp\/v2\/product_brand?post=2828"},{"taxonomy":"product_cat","embeddable":true,"href":"https:\/\/circulopropiedades.uy\/home\/wp-json\/wp\/v2\/product_cat?post=2828"},{"taxonomy":"product_tag","embeddable":true,"href":"https:\/\/circulopropiedades.uy\/home\/wp-json\/wp\/v2\/product_tag?post=2828"}],"curies":[{"name":"wp","href":"https:\/\/api.w.org\/{rel}","templated":true}]}}