{"id":2771,"date":"2023-10-19T21:35:26","date_gmt":"2023-10-19T21:35:26","guid":{"rendered":"https:\/\/circulopropiedades.uy\/home\/?post_type=product&#038;p=2771"},"modified":"2023-10-19T21:35:26","modified_gmt":"2023-10-19T21:35:26","slug":"casa-3-dorm-2-banos-barbacoa-garaje-y-mas","status":"publish","type":"product","link":"https:\/\/circulopropiedades.uy\/home\/producto\/casa-3-dorm-2-banos-barbacoa-garaje-y-mas\/","title":{"rendered":"Casa 3 dorm, 2 ba\u00f1os, barbacoa, garaje y m\u00e1s."},"content":{"rendered":"<p><strong>Precio de venta: USD 219.000<\/strong><\/p>\n<p><strong>Contribuci\u00f3n: $ 4.500 anual<\/strong><br \/>\n<strong>Primaria: $ 1.653 anual<\/strong><br \/>\n<strong>Tributos: $ 318 bimensual<\/strong><br \/>\n<strong>Acepta banco.<\/strong><\/p>\n<p>Extraordinaria casa desarrollada en padr\u00f3n \u00fanico.<\/p>\n<p>El estado de la propiedad es realmente excelente. Muy cuidada y mantenida por sus propietarios teniendo en cuenta cada detalle. Por lo que no hay que contemplar gastos extra a la hora de habitar.<\/p>\n<p>Alarma, circuito cerrado de c\u00e1maras, rejas, iluminaci\u00f3n exterior y vidrios con l\u00e1minas anti roturas de excelente calidad hacen que la casa sea totalmente segura.<\/p>\n<p>Planta baja:<\/p>\n<p>En el exterior Jard\u00edn al frente con verde y banco de granito. Cocheras para dos veh\u00edculos en el exterior. Cantero con c\u00e9sped.<\/p>\n<p>Acceso principal. Garaje cerrado para un veh\u00edculo con acceso interior de buenas dimensiones, living recibidor con estufa a le\u00f1a, claraboya retr\u00e1ctil en excelente estado y vitral, muy iluminado.<\/p>\n<p>2 amplios dormitorios. El principal en suite.<\/p>\n<p>Ba\u00f1o completo con mampara y calef\u00f3n.<\/p>\n<p>Despensa con gran capacidad de almacenamiento, cocina comedor de buenas dimensiones con aire acondicionado y estufa a le\u00f1a.<\/p>\n<p>Extensa mesada, almacenamiento bajo mesada, abertura de buen tama\u00f1o y salida a patio interno con parrillero y barbacoa techada que se conectan.<\/p>\n<p>Ba\u00f1o social completo con calef\u00f3n y lavadero independientes.<\/p>\n<p>Amplio fondo verde, galp\u00f3n cerrado con rejas y le\u00f1ero semi cerrado.<\/p>\n<p>Planta alta:<\/p>\n<p>Tercer dormitorio al frente y acceso a azotea totalmente transitable, iluminada y muy espaciosa (aprox. 170 m2).<\/p>\n<p>Adem\u00e1s tanque de 1000 litros con bomba de agua.<\/p>\n<p>Muy bien ubicada sobre Camino Maldonado con transporte en la puerta y a una cuadra del intercambiador Belloni. A pasos de zona comercial.<\/p>\n","protected":false},"excerpt":{"rendered":"<p><span style=\"color: #000080\">C\u00f3moda, espaciosa y segura<\/span><\/p>\n","protected":false},"featured_media":2773,"template":"","meta":[],"product_brand":[],"product_cat":[24],"product_tag":[],"class_list":{"0":"post-2771","1":"product","2":"type-product","3":"status-publish","4":"has-post-thumbnail","6":"product_cat-ventas","8":"first","9":"instock","10":"shipping-taxable","11":"product-type-simple"},"_links":{"self":[{"href":"https:\/\/circulopropiedades.uy\/home\/wp-json\/wp\/v2\/product\/2771","targetHints":{"allow":["GET"]}}],"collection":[{"href":"https:\/\/circulopropiedades.uy\/home\/wp-json\/wp\/v2\/product"}],"about":[{"href":"https:\/\/circulopropiedades.uy\/home\/wp-json\/wp\/v2\/types\/product"}],"wp:featuredmedia":[{"embeddable":true,"href":"https:\/\/circulopropiedades.uy\/home\/wp-json\/wp\/v2\/media\/2773"}],"wp:attachment":[{"href":"https:\/\/circulopropiedades.uy\/home\/wp-json\/wp\/v2\/media?parent=2771"}],"wp:term":[{"taxonomy":"product_brand","embeddable":true,"href":"https:\/\/circulopropiedades.uy\/home\/wp-json\/wp\/v2\/product_brand?post=2771"},{"taxonomy":"product_cat","embeddable":true,"href":"https:\/\/circulopropiedades.uy\/home\/wp-json\/wp\/v2\/product_cat?post=2771"},{"taxonomy":"product_tag","embeddable":true,"href":"https:\/\/circulopropiedades.uy\/home\/wp-json\/wp\/v2\/product_tag?post=2771"}],"curies":[{"name":"wp","href":"https:\/\/api.w.org\/{rel}","templated":true}]}}