{"id":2755,"date":"2023-10-19T21:07:08","date_gmt":"2023-10-19T21:07:08","guid":{"rendered":"https:\/\/circulopropiedades.uy\/home\/?post_type=product&#038;p=2755"},"modified":"2024-04-15T18:07:47","modified_gmt":"2024-04-15T18:07:47","slug":"casa-de-3-dormitorios-con-apartamento-y-terreno-en-shangrila-sur","status":"publish","type":"product","link":"https:\/\/circulopropiedades.uy\/home\/producto\/casa-de-3-dormitorios-con-apartamento-y-terreno-en-shangrila-sur\/","title":{"rendered":"Casa de 3 dormitorios con apartamento y terreno en Shangril\u00e1 Sur"},"content":{"rendered":"<p><strong>Precio de venta: USD 290.000<\/strong><\/p>\n<p><strong>Contribuci\u00f3n anual $ 45.000<\/strong><br \/>\n<strong>Primaria anual $ 6.180<\/strong><\/p>\n<p>Propiedad destacada en Shangril\u00e1 Sur.<\/p>\n<p>Casa principal de muy buenas dimensiones que se desarrolla de la siguiente manera:<\/p>\n<p>Al frente en el acceso exterior una cochera para 1 veh\u00edculo.<\/p>\n<p>Amplio jard\u00edn de c\u00e9sped natural, arbolado y rejas al frente en toda su extensi\u00f3n. Cochera lateral amplia con espacio para 1 o 2 veh\u00edculos m\u00e1s seg\u00fan su tama\u00f1o.<\/p>\n<p>Porche techado al frente con iluminaci\u00f3n.<\/p>\n<p>Todas las aberturas con rejas.<\/p>\n<p>Al ingresar living de buenas dimensiones con estufa a le\u00f1a recubierta de piedra y madera. Vista al frente con muy buen ingreso de luz.<\/p>\n<p>Cocina definida espaciosa con a\u00e9reos en toda su extensi\u00f3n, campana extractora y bajo mesada. Excelente capacidad de almacenamiento.<\/p>\n<p>Ventana con rejas al patio trasero.<\/p>\n<p>Comedor diario muy c\u00f3modo con salida al patio.<\/p>\n<p>3 dormitorios de buenas dimensiones con pisos de madera en excelente estado de conservaci\u00f3n y placares.<\/p>\n<p>Los 3 con ventanas de buen tama\u00f1o lo que hace que cada ambiente cuente con muy buen ingreso de luz natural. Rejas.<\/p>\n<p>Ba\u00f1o completo con mampara y espacio para almacenamiento.<\/p>\n<p>Al fondo patio abierto de buen metraje con piso de material y parrillero al aire libre.<\/p>\n<p>Adem\u00e1s apartamento con living comedor y cocina integrada. Amplio ventanal, puerta de hierro y vidrio, ba\u00f1o completo y 1 dormitorio de muy buenas dimensiones.<\/p>\n<p>Barbacoa cerrada con un segundo parrillero, ba\u00f1o, dep\u00f3sito y mesada con bacha, mobiliario bajo mesada, extractor y calef\u00f3n.<\/p>\n<p>Amplio ventanal con mosquitero y vista al jard\u00edn lateral y una segunda abertura sobre la mesada con vista al patio trasero.<\/p>\n<p>Garaje techado con port\u00f3n de hierro y madera de buenas dimensiones albergando 2 o 3 veh\u00edculos m\u00e1s seg\u00fan su tama\u00f1o. Por lo que la propiedad cuenta con espacio para 5 0 6 veh\u00edculos.<\/p>\n<p>Jard\u00edn lateral de aproximadamente 500 m2, arbolado con canteros y c\u00e9sped natural. Adem\u00e1s zona de fog\u00f3n.<\/p>\n<p>Delimitado tambi\u00e9n con rejas.<\/p>\n<p>Totalmente cuidado y mantenido por sus propietarios al igual que el resto de la propiedad.<\/p>\n<p>Esta opci\u00f3n ofrece infinitas opciones lo que la hace una excelente oportunidad en una zona que contin\u00faa en crecimiento y es realmente c\u00f3moda, de excelente acceso pavimentado tanto en veh\u00edculo propio como en transportes.<\/p>\n<p>A 5 minutos del G\u00e9ant en veh\u00edculo, a menos de 1 km del Complejo Luis Su\u00e1rez, menos de 2 km de la playa por Av. Calcagno. Zona de Colegios, servicios, centros de salud, etc.<\/p>\n<p>\u00a1Imperdible!<\/p>\n","protected":false},"excerpt":{"rendered":"<p><span style=\"color: #000080\">Jard\u00edn, patio y barbacoa<\/span><\/p>\n","protected":false},"featured_media":2756,"template":"","meta":[],"product_brand":[],"product_cat":[24],"product_tag":[],"class_list":{"0":"post-2755","1":"product","2":"type-product","3":"status-publish","4":"has-post-thumbnail","6":"product_cat-ventas","8":"first","9":"instock","10":"shipping-taxable","11":"product-type-simple"},"_links":{"self":[{"href":"https:\/\/circulopropiedades.uy\/home\/wp-json\/wp\/v2\/product\/2755","targetHints":{"allow":["GET"]}}],"collection":[{"href":"https:\/\/circulopropiedades.uy\/home\/wp-json\/wp\/v2\/product"}],"about":[{"href":"https:\/\/circulopropiedades.uy\/home\/wp-json\/wp\/v2\/types\/product"}],"wp:featuredmedia":[{"embeddable":true,"href":"https:\/\/circulopropiedades.uy\/home\/wp-json\/wp\/v2\/media\/2756"}],"wp:attachment":[{"href":"https:\/\/circulopropiedades.uy\/home\/wp-json\/wp\/v2\/media?parent=2755"}],"wp:term":[{"taxonomy":"product_brand","embeddable":true,"href":"https:\/\/circulopropiedades.uy\/home\/wp-json\/wp\/v2\/product_brand?post=2755"},{"taxonomy":"product_cat","embeddable":true,"href":"https:\/\/circulopropiedades.uy\/home\/wp-json\/wp\/v2\/product_cat?post=2755"},{"taxonomy":"product_tag","embeddable":true,"href":"https:\/\/circulopropiedades.uy\/home\/wp-json\/wp\/v2\/product_tag?post=2755"}],"curies":[{"name":"wp","href":"https:\/\/api.w.org\/{rel}","templated":true}]}}