{"id":2739,"date":"2023-10-19T20:04:50","date_gmt":"2023-10-19T20:04:50","guid":{"rendered":"https:\/\/circulopropiedades.uy\/home\/?post_type=product&#038;p=2739"},"modified":"2023-10-24T20:34:20","modified_gmt":"2023-10-24T20:34:20","slug":"apartamento-2-dormitorios-y-2-banos-en-pocitos","status":"publish","type":"product","link":"https:\/\/circulopropiedades.uy\/home\/producto\/apartamento-2-dormitorios-y-2-banos-en-pocitos\/","title":{"rendered":"Apartamento 2 dormitorios y 2 ba\u00f1os en Pocitos"},"content":{"rendered":"<p><strong>Precio de venta: USD 220.000<\/strong><\/p>\n<p><strong>Contribuci\u00f3n: 3 cuotas de $ 8.300<\/strong><br \/>\n<strong>Primaria: 3 cuotas de $ 2.500<\/strong><\/p>\n<p>Oportunidad en una de las mejores zonas de Montevideo sobre Av. Rivera casi Soca! Es en edificio construido en el a\u00f1o 2016. Mantenido en excelentes condiciones por el propietario.<\/p>\n<p>Se ubica en un 3\u00b0 piso por ascensor.<\/p>\n<p>Al ingresar nos encontramos con un espacioso e iluminado living- comedor con salida directa al amplio balc\u00f3n, donde se destaca el verde natural de las plantas aportando frescura al entorno, un espacio fundamental para disfrutar todo el a\u00f1o.<\/p>\n<p>Cocina definida con ventana hac\u00eda el exterior, ideal para que el espacio quede libre de olores al cocinar. Adem\u00e1s cuenta con campana extractora de alta potencia.<\/p>\n<p>2 dormitorios de buenas dimensiones al contrafrente con vista despejada y muy buena iluminaci\u00f3n natural.<\/p>\n<p>Cerramientos de vidrios DVH (doble vidrio herm\u00e9tico &#8211; aislamiento total de sonidos)<\/p>\n<p>2 ba\u00f1os. Uno de ellos completo con mampara y el otro toilette, ba\u00f1o social.<\/p>\n<p>En el piso 11 el edificio cuenta con una atractiva y moderna barbacoa de uso com\u00fan. Ideal para cualquier reuni\u00f3n para disfrutar con familia y amigos<\/p>\n<p>La presente publicaci\u00f3n describe las caracter\u00edsticas esenciales del inmueble, debi\u00e9ndose consultar al responsable de la operaci\u00f3n por la eventual actualizaci\u00f3n de las medidas, descripciones arquitect\u00f3nicas y funcionales, servicios, impuestos, precios y dem\u00e1s informaci\u00f3n cuyos valores son aproximados.<\/p>\n<p>&nbsp;<\/p>\n","protected":false},"excerpt":{"rendered":"<p><span style=\"color: #000080\">Amplio balc\u00f3n<\/span><\/p>\n","protected":false},"featured_media":2740,"template":"","meta":[],"product_brand":[],"product_cat":[24],"product_tag":[],"class_list":{"0":"post-2739","1":"product","2":"type-product","3":"status-publish","4":"has-post-thumbnail","6":"product_cat-ventas","8":"first","9":"instock","10":"shipping-taxable","11":"product-type-simple"},"_links":{"self":[{"href":"https:\/\/circulopropiedades.uy\/home\/wp-json\/wp\/v2\/product\/2739","targetHints":{"allow":["GET"]}}],"collection":[{"href":"https:\/\/circulopropiedades.uy\/home\/wp-json\/wp\/v2\/product"}],"about":[{"href":"https:\/\/circulopropiedades.uy\/home\/wp-json\/wp\/v2\/types\/product"}],"wp:featuredmedia":[{"embeddable":true,"href":"https:\/\/circulopropiedades.uy\/home\/wp-json\/wp\/v2\/media\/2740"}],"wp:attachment":[{"href":"https:\/\/circulopropiedades.uy\/home\/wp-json\/wp\/v2\/media?parent=2739"}],"wp:term":[{"taxonomy":"product_brand","embeddable":true,"href":"https:\/\/circulopropiedades.uy\/home\/wp-json\/wp\/v2\/product_brand?post=2739"},{"taxonomy":"product_cat","embeddable":true,"href":"https:\/\/circulopropiedades.uy\/home\/wp-json\/wp\/v2\/product_cat?post=2739"},{"taxonomy":"product_tag","embeddable":true,"href":"https:\/\/circulopropiedades.uy\/home\/wp-json\/wp\/v2\/product_tag?post=2739"}],"curies":[{"name":"wp","href":"https:\/\/api.w.org\/{rel}","templated":true}]}}