{"id":2709,"date":"2023-10-19T19:00:16","date_gmt":"2023-10-19T19:00:16","guid":{"rendered":"https:\/\/circulopropiedades.uy\/home\/?post_type=product&#038;p=2709"},"modified":"2024-04-15T18:07:38","modified_gmt":"2024-04-15T18:07:38","slug":"apartamento-amplio-de-3-dormitorios-en-cordon","status":"publish","type":"product","link":"https:\/\/circulopropiedades.uy\/home\/producto\/apartamento-amplio-de-3-dormitorios-en-cordon\/","title":{"rendered":"Apartamento amplio de 3 dormitorios en Cord\u00f3n."},"content":{"rendered":"<p><strong>Precio de venta: USD 229.000<\/strong><\/p>\n<p><strong>Contribuci\u00f3n inmobiliaria: 3 cuotas de $11.400<\/strong><br \/>\n<strong>Primaria: 3 cuotas de $3.000<\/strong><br \/>\n<strong>Acepta pr\u00e9stamo bancario.<\/strong><\/p>\n<p>Comodidades de la propiedad:<br \/>\nBalc\u00f3n &#8211; Calefacci\u00f3n Individual &#8211; Placard en cocina &#8211; Placard en dormitorio &#8211; Terraza &#8211; Ascensor &#8211; Agua Caliente Central &#8211; Calefacci\u00f3n Central &#8211; Lavadero &#8211; Living comedor<\/p>\n<p>Excelente unidad en el coraz\u00f3n de Cord\u00f3n. Con excelente transporte, conectando con cualquier punto.<\/p>\n<p>Zona comercial por excelencia con todos los servicios adem\u00e1s de ser una zona que ofrece variadas propuestas educativas que van desde maternal a universidades varias tanto p\u00fablicas como privadas.<\/p>\n<p>Con todos los bancos cerca.<\/p>\n<p>Zonas de esparcimiento, propuestas recreativas, a pocos minutos a pi\u00e9 de la rambla.<\/p>\n<p>Son 125 m\u00b2 totales que se distribuyen de la siguiente manera:<\/p>\n<ul>\n<li>Living comedor (12 m x 3 m)<\/li>\n<li>Balc\u00f3n principal al frente (3 m x 3 m)<\/li>\n<li>3 dormitorios<\/li>\n<li>2 ba\u00f1os. Principal completo y social en suite.<\/li>\n<li>Cocina definida<\/li>\n<li>Lavadero<\/li>\n<li>Segundo balc\u00f3n lateral<\/li>\n<li>Ambientes amplios, soleados y con muy buena ventilaci\u00f3n.<\/li>\n<\/ul>\n<p>Pisos de parquet a nuevo, muy cuidada sin detalles de ning\u00fan tipo y con instalaci\u00f3n el\u00e9ctrica hecha a nuevo.<\/p>\n<p>El living comedor de grandes dimensiones se presenta muy c\u00f3modo y funcional, con abertura de piso a techo que conecta con el balc\u00f3n principal, tambi\u00e9n espacioso, con iluminaci\u00f3n.<\/p>\n<p>Amplia cocina con comedor diario, muy c\u00f3moda y confortable, con a\u00e9reos y bajo mesada.<\/p>\n<p>Ampia abertura, lo que permite el ingreso de luz natural y la ventilaci\u00f3n tambi\u00e9n de ese ambiente que conecta internamente con el lavadero al cual se puede acceder tambi\u00e9n por la entrada de servicio. De buenas dimensiones con espacio para garrafas, grasera, tender, conexi\u00f3n para lavavajillas y lavarropas. Con ventana amplia y al igual que la cocina es un ambiente con luz natural y bien ventilado.<\/p>\n<p>Los dormitorios son amplios, con placares, uno de ellos con ba\u00f1o social en excelente estado hecho a nuevo con un hermoso dise\u00f1o.<\/p>\n<p>El segundo balc\u00f3n es lateral y se accede desde uno de los dormitorios.<\/p>\n<p>Calefacci\u00f3n central por radiadores y agua caliente central son dos comodidades que hacen que sea m\u00e1s confortable la unidad.<\/p>\n<p>El edificio est\u00e1 muy bien mantenido y cuidado. Cuenta con porter\u00eda f\u00edsica y 3 ascensores.<\/p>\n<p>Existe la posibilidad de alquilar cochera en el garaje del edificio o en los parkings que lo rodean.<\/p>\n","protected":false},"excerpt":{"rendered":"<p><span style=\"color: #000080\">Excelente estado<\/span><\/p>\n","protected":false},"featured_media":2710,"template":"","meta":[],"product_brand":[],"product_cat":[24],"product_tag":[],"class_list":{"0":"post-2709","1":"product","2":"type-product","3":"status-publish","4":"has-post-thumbnail","6":"product_cat-ventas","8":"first","9":"instock","10":"shipping-taxable","11":"product-type-simple"},"_links":{"self":[{"href":"https:\/\/circulopropiedades.uy\/home\/wp-json\/wp\/v2\/product\/2709","targetHints":{"allow":["GET"]}}],"collection":[{"href":"https:\/\/circulopropiedades.uy\/home\/wp-json\/wp\/v2\/product"}],"about":[{"href":"https:\/\/circulopropiedades.uy\/home\/wp-json\/wp\/v2\/types\/product"}],"wp:featuredmedia":[{"embeddable":true,"href":"https:\/\/circulopropiedades.uy\/home\/wp-json\/wp\/v2\/media\/2710"}],"wp:attachment":[{"href":"https:\/\/circulopropiedades.uy\/home\/wp-json\/wp\/v2\/media?parent=2709"}],"wp:term":[{"taxonomy":"product_brand","embeddable":true,"href":"https:\/\/circulopropiedades.uy\/home\/wp-json\/wp\/v2\/product_brand?post=2709"},{"taxonomy":"product_cat","embeddable":true,"href":"https:\/\/circulopropiedades.uy\/home\/wp-json\/wp\/v2\/product_cat?post=2709"},{"taxonomy":"product_tag","embeddable":true,"href":"https:\/\/circulopropiedades.uy\/home\/wp-json\/wp\/v2\/product_tag?post=2709"}],"curies":[{"name":"wp","href":"https:\/\/api.w.org\/{rel}","templated":true}]}}