{"id":2693,"date":"2023-10-18T20:40:58","date_gmt":"2023-10-18T20:40:58","guid":{"rendered":"https:\/\/circulopropiedades.uy\/home\/?post_type=product&#038;p=2693"},"modified":"2023-10-18T20:40:58","modified_gmt":"2023-10-18T20:40:58","slug":"apartamento-2-dormitorios-en-cordon-al-frente","status":"publish","type":"product","link":"https:\/\/circulopropiedades.uy\/home\/producto\/apartamento-2-dormitorios-en-cordon-al-frente\/","title":{"rendered":"Apartamento 2 dormitorios en Cord\u00f3n. Al frente."},"content":{"rendered":"<p><strong>Precio de venta: USD 130.000<\/strong><\/p>\n<p>Gastos comunes bajos (incluido OSE): $ 1.900<br \/>\nContribuci\u00f3n: $1.680 por cuota<br \/>\nTributos: $ 1.300<br \/>\nAcepta banco.<\/p>\n<p>Apartamento en Cord\u00f3n en el l\u00edmite con Pocitos y Tres Cruces. Excelente punto con todos los servicios y transporte en pocos metros a la redonda.<\/p>\n<p>Zona con varias propuestas educativas p\u00fablicas y privadas que abarcan desde maternal hasta universidades.<\/p>\n<p>Cerca de Facultades como son Arquitectura, derecho, Ciencias Sociales, Ciencias Econ\u00f3micas y Administraci\u00f3n, Ingenier\u00eda, Medicina, Qu\u00edmica.<\/p>\n<p>Centros de salud p\u00fablicos y privados, Shopping Terminal Tres Cruces, supermercados, Tienda Inglesa en frente, ferias, caf\u00e9s, y mucha propuesta gastron\u00f3mica.<\/p>\n<p>Plazas, parques y muy cerca de la rambla.<\/p>\n<p>Una zona totalmente disfrutable todo el a\u00f1o y muy c\u00f3moda.<\/p>\n<p>Unidad cuidada por su propietaria en excelente estado lo que evita gastos posteriores imprevistos.<\/p>\n<p>Se desarrolla de la siguiente manera:<\/p>\n<p>Recibidor<br \/>\nLiving<br \/>\nCocina comedor<br \/>\nBa\u00f1o completo<br \/>\nDos dormitorios. Uno de ellos al frente, el otro interior.<br \/>\nAzotea<\/p>\n<p>La unidad no cuenta con garaje pero hay varias opciones en la zona.<\/p>\n","protected":false},"excerpt":{"rendered":"<p><span style=\"color: #000080\">L\u00edmite Tres Cruces y Pocitos<\/span><\/p>\n","protected":false},"featured_media":2694,"template":"","meta":[],"product_brand":[],"product_cat":[24],"product_tag":[],"class_list":{"0":"post-2693","1":"product","2":"type-product","3":"status-publish","4":"has-post-thumbnail","6":"product_cat-ventas","8":"first","9":"instock","10":"shipping-taxable","11":"product-type-simple"},"_links":{"self":[{"href":"https:\/\/circulopropiedades.uy\/home\/wp-json\/wp\/v2\/product\/2693","targetHints":{"allow":["GET"]}}],"collection":[{"href":"https:\/\/circulopropiedades.uy\/home\/wp-json\/wp\/v2\/product"}],"about":[{"href":"https:\/\/circulopropiedades.uy\/home\/wp-json\/wp\/v2\/types\/product"}],"wp:featuredmedia":[{"embeddable":true,"href":"https:\/\/circulopropiedades.uy\/home\/wp-json\/wp\/v2\/media\/2694"}],"wp:attachment":[{"href":"https:\/\/circulopropiedades.uy\/home\/wp-json\/wp\/v2\/media?parent=2693"}],"wp:term":[{"taxonomy":"product_brand","embeddable":true,"href":"https:\/\/circulopropiedades.uy\/home\/wp-json\/wp\/v2\/product_brand?post=2693"},{"taxonomy":"product_cat","embeddable":true,"href":"https:\/\/circulopropiedades.uy\/home\/wp-json\/wp\/v2\/product_cat?post=2693"},{"taxonomy":"product_tag","embeddable":true,"href":"https:\/\/circulopropiedades.uy\/home\/wp-json\/wp\/v2\/product_tag?post=2693"}],"curies":[{"name":"wp","href":"https:\/\/api.w.org\/{rel}","templated":true}]}}