{"id":2680,"date":"2023-10-18T20:06:56","date_gmt":"2023-10-18T20:06:56","guid":{"rendered":"https:\/\/circulopropiedades.uy\/home\/?post_type=product&#038;p=2680"},"modified":"2023-10-20T21:26:42","modified_gmt":"2023-10-20T21:26:42","slug":"apartamento-2-dormitorios-en-cordon","status":"publish","type":"product","link":"https:\/\/circulopropiedades.uy\/home\/producto\/apartamento-2-dormitorios-en-cordon\/","title":{"rendered":"Apartamento 2 dormitorios en Cord\u00f3n"},"content":{"rendered":"<p><strong>Precio de venta: USD 105.000<\/strong><\/p>\n<p><strong>Precio de alquiler: $ 23.000<\/strong><br \/>\n<strong>Garant\u00edas: ANDA o CGN\u00a0<\/strong><\/p>\n<p>Contribuci\u00f3n anual: $ 10.218<br \/>\nPrimaria anual: $ 3.318<br \/>\nTributos bimensual: $ 1.416<\/p>\n<p>Unidad con amplios ambientes en Cord\u00f3n. En un punto con excelentes servicios y transporte.<br \/>\nZona de propuestas educativas p\u00fablicas y privadas que van desde maternal hasta universidades varias cercanas al inmueble.<br \/>\nEspacios verdes, oferta comercial variada, propuestas recreativas, ferias adem\u00e1s centros de salud, etc.<br \/>\nSegundo piso por escalera, el apartamento cuenta con un peque\u00f1o recibidor, cocina con a\u00e9reos, bajo mesada y viniilico nuevo a colocar.<br \/>\nTerraza lavadero con lavatorio y conexi\u00f3n para lavarropas. Living comedor amplio con estufa a le\u00f1a y piso de madera en excelente estado. Ba\u00f1o completo con mampara y dos dormitorios de buenas dimensiones.<\/p>\n","protected":false},"excerpt":{"rendered":"<p><span style=\"color: #000080\">Ambientes amplios<\/span><\/p>\n","protected":false},"featured_media":2681,"template":"","meta":[],"product_brand":[],"product_cat":[23,24],"product_tag":[],"class_list":{"0":"post-2680","1":"product","2":"type-product","3":"status-publish","4":"has-post-thumbnail","6":"product_cat-alquileres","7":"product_cat-ventas","9":"first","10":"instock","11":"shipping-taxable","12":"product-type-simple"},"_links":{"self":[{"href":"https:\/\/circulopropiedades.uy\/home\/wp-json\/wp\/v2\/product\/2680","targetHints":{"allow":["GET"]}}],"collection":[{"href":"https:\/\/circulopropiedades.uy\/home\/wp-json\/wp\/v2\/product"}],"about":[{"href":"https:\/\/circulopropiedades.uy\/home\/wp-json\/wp\/v2\/types\/product"}],"wp:featuredmedia":[{"embeddable":true,"href":"https:\/\/circulopropiedades.uy\/home\/wp-json\/wp\/v2\/media\/2681"}],"wp:attachment":[{"href":"https:\/\/circulopropiedades.uy\/home\/wp-json\/wp\/v2\/media?parent=2680"}],"wp:term":[{"taxonomy":"product_brand","embeddable":true,"href":"https:\/\/circulopropiedades.uy\/home\/wp-json\/wp\/v2\/product_brand?post=2680"},{"taxonomy":"product_cat","embeddable":true,"href":"https:\/\/circulopropiedades.uy\/home\/wp-json\/wp\/v2\/product_cat?post=2680"},{"taxonomy":"product_tag","embeddable":true,"href":"https:\/\/circulopropiedades.uy\/home\/wp-json\/wp\/v2\/product_tag?post=2680"}],"curies":[{"name":"wp","href":"https:\/\/api.w.org\/{rel}","templated":true}]}}