{"id":2664,"date":"2023-10-06T20:54:14","date_gmt":"2023-10-06T20:54:14","guid":{"rendered":"https:\/\/circulopropiedades.uy\/home\/?post_type=product&#038;p=2664"},"modified":"2024-04-15T18:06:16","modified_gmt":"2024-04-15T18:06:16","slug":"apartamento-totalmente-mejorado-en-complejo-privado","status":"publish","type":"product","link":"https:\/\/circulopropiedades.uy\/home\/producto\/apartamento-totalmente-mejorado-en-complejo-privado\/","title":{"rendered":"Apartamento totalmente mejorado en complejo privado"},"content":{"rendered":"<p><strong>Precio de venta: USD 80.000<\/strong><br \/>\n<strong>Gastos comunes: $ 4.000<\/strong><\/p>\n<p>APARTAMENTO EN COMPLEJO PRIVADO<\/p>\n<p>Unidad que ha sido totalmente renovada por su propietario. Presenta muchas mejoras en cada uno de sus ambientes lo que lo hace \u00fanico. Una opci\u00f3n muy conveniente en el mercado.<\/p>\n<p>Cocina con a\u00e9reos, bajo mesada y excelente capacidad de almacenamiento.<\/p>\n<p>Terraza lavadero con espacio para lavarropas, secadora y dem\u00e1s elementos. Con abertura lo que aporta mucha luz y muy buena ventilaci\u00f3n.<\/p>\n<p>Hermosa barra que conecta con el living comedor del apartamento.<\/p>\n<p>Iluminaci\u00f3n empotrada independiente, la madera sin detalles y almacenamiento en la parte superior de la misma. Con espacio para sillas altas o banquetas. Es un espacio ideal para utilizar como desayunador, barra de tragos, pasa platos. Muy c\u00f3moda y de dise\u00f1o.<\/p>\n<p>Living comedor espacioso con iluminaci\u00f3n led dimerizable y piso totalmente nuevo.<\/p>\n<p>Dos dormitorios con muy buen ingreso de luz natural y excelente ventilaci\u00f3n al igual que el resto de los ambientes.<\/p>\n<p>Ba\u00f1o de dise\u00f1o oscuro, muy original y agradable al ambiente. Bacha de buen tama\u00f1o, Ducha con rociador superior convencional e hidromasajes.<\/p>\n<p>Porter\u00eda f\u00edsica y seguridad las 24 hs.<\/p>\n<p>Unidad totalmente recomendable.<\/p>\n","protected":false},"excerpt":{"rendered":"<p><span style=\"color: #000080\">Excelente opci\u00f3n<\/span><\/p>\n","protected":false},"featured_media":2665,"template":"","meta":[],"product_brand":[],"product_cat":[24],"product_tag":[],"class_list":{"0":"post-2664","1":"product","2":"type-product","3":"status-publish","4":"has-post-thumbnail","6":"product_cat-ventas","8":"first","9":"instock","10":"shipping-taxable","11":"product-type-simple"},"_links":{"self":[{"href":"https:\/\/circulopropiedades.uy\/home\/wp-json\/wp\/v2\/product\/2664","targetHints":{"allow":["GET"]}}],"collection":[{"href":"https:\/\/circulopropiedades.uy\/home\/wp-json\/wp\/v2\/product"}],"about":[{"href":"https:\/\/circulopropiedades.uy\/home\/wp-json\/wp\/v2\/types\/product"}],"wp:featuredmedia":[{"embeddable":true,"href":"https:\/\/circulopropiedades.uy\/home\/wp-json\/wp\/v2\/media\/2665"}],"wp:attachment":[{"href":"https:\/\/circulopropiedades.uy\/home\/wp-json\/wp\/v2\/media?parent=2664"}],"wp:term":[{"taxonomy":"product_brand","embeddable":true,"href":"https:\/\/circulopropiedades.uy\/home\/wp-json\/wp\/v2\/product_brand?post=2664"},{"taxonomy":"product_cat","embeddable":true,"href":"https:\/\/circulopropiedades.uy\/home\/wp-json\/wp\/v2\/product_cat?post=2664"},{"taxonomy":"product_tag","embeddable":true,"href":"https:\/\/circulopropiedades.uy\/home\/wp-json\/wp\/v2\/product_tag?post=2664"}],"curies":[{"name":"wp","href":"https:\/\/api.w.org\/{rel}","templated":true}]}}