{"id":2616,"date":"2023-09-19T19:51:57","date_gmt":"2023-09-19T19:51:57","guid":{"rendered":"https:\/\/circulopropiedades.uy\/home\/?post_type=product&#038;p=2616"},"modified":"2023-09-19T19:51:57","modified_gmt":"2023-09-19T19:51:57","slug":"apartamento-muy-funcional-con-amplios-dormitorios","status":"publish","type":"product","link":"https:\/\/circulopropiedades.uy\/home\/producto\/apartamento-muy-funcional-con-amplios-dormitorios\/","title":{"rendered":"Apartamento muy funcional con amplios dormitorios"},"content":{"rendered":"<p><strong>Precio de venta: USD 121.000<\/strong><br \/>\n<strong>Sin gastos comunes.<\/strong><br \/>\n<strong>Tributos domiciliarios:<\/strong><br \/>\n<strong>Cuotas bimensuales de aprox. $ 980<\/strong><br \/>\n<strong>Tasa Saneamiento:<\/strong><br \/>\n<strong>Cuotas bimensuales de aprox. $ 400 seg\u00fan consumo de agua.<\/p>\n<p>Precio del alquiler: $ 23.500<br \/>\nGarant\u00edas: ANDA, aseguradoras excepto Porto, preferentemente MAPFRE.<br \/>\n*En el caso de ser ANDA el costo del alquiler es de $ 24.200<\/p>\n<p><\/strong><\/p>\n<p>Excelente opci\u00f3n en Palermo Sobre Av. Gonzalo Ram\u00edrez.<br \/>\nApartamento muy cuidado, totalmente operativo, sin nada que hacerle.<br \/>\nCocina con almacenamiento bajo mesada, a\u00e9reo m\u00e1s un espacio extra de almacenamiento bajo la escalera. Espacio para heladera y cocina, extractor y una mesa rebatible ideal para utilizarla como desayunador diario.<br \/>\nBa\u00f1o completo en excelentes condiciones con conexiones para calef\u00f3n y lavarropas.<br \/>\nDos dormitorios de buenas dimensiones m\u00e1s ambiente que puede destinarse a oficina, taller, sala de estudio o bien un tercer dormitorio.<br \/>\nDependiendo de las necesidades los espacios pueden variar. Utilizando los dos ambientes como dormitorios en la planta baja o bien plantear un dormitorio principal de buenas dimensiones y un living y que se tome como un dormitorio peque\u00f1o el ambiente en la segunda planta.<br \/>\nAzotea exclusiva transitable de buen metraje que se suman a los 44 metros interiores. Recibe mucho sol. Ideal para colocar un parrillero o barbacoa port\u00e1til.<br \/>\nTransporte hacia ambos lados en la puerta, rodeado de servicios, a 2 cuadras de la Rambla Rep\u00fablica Argentina.<br \/>\nPlazas, propuestas deportivas varias, \u00e1reas de esparcimiento, recreaci\u00f3n y m\u00e1s.<\/p>\n","protected":false},"excerpt":{"rendered":"<p><span style=\"color: #000080\">Excelente ubicaci\u00f3n<\/span><\/p>\n","protected":false},"featured_media":2617,"template":"","meta":[],"product_brand":[],"product_cat":[23,24],"product_tag":[],"class_list":{"0":"post-2616","1":"product","2":"type-product","3":"status-publish","4":"has-post-thumbnail","6":"product_cat-alquileres","7":"product_cat-ventas","9":"first","10":"instock","11":"shipping-taxable","12":"product-type-simple"},"_links":{"self":[{"href":"https:\/\/circulopropiedades.uy\/home\/wp-json\/wp\/v2\/product\/2616","targetHints":{"allow":["GET"]}}],"collection":[{"href":"https:\/\/circulopropiedades.uy\/home\/wp-json\/wp\/v2\/product"}],"about":[{"href":"https:\/\/circulopropiedades.uy\/home\/wp-json\/wp\/v2\/types\/product"}],"wp:featuredmedia":[{"embeddable":true,"href":"https:\/\/circulopropiedades.uy\/home\/wp-json\/wp\/v2\/media\/2617"}],"wp:attachment":[{"href":"https:\/\/circulopropiedades.uy\/home\/wp-json\/wp\/v2\/media?parent=2616"}],"wp:term":[{"taxonomy":"product_brand","embeddable":true,"href":"https:\/\/circulopropiedades.uy\/home\/wp-json\/wp\/v2\/product_brand?post=2616"},{"taxonomy":"product_cat","embeddable":true,"href":"https:\/\/circulopropiedades.uy\/home\/wp-json\/wp\/v2\/product_cat?post=2616"},{"taxonomy":"product_tag","embeddable":true,"href":"https:\/\/circulopropiedades.uy\/home\/wp-json\/wp\/v2\/product_tag?post=2616"}],"curies":[{"name":"wp","href":"https:\/\/api.w.org\/{rel}","templated":true}]}}