{"id":2600,"date":"2023-09-19T16:46:33","date_gmt":"2023-09-19T16:46:33","guid":{"rendered":"https:\/\/circulopropiedades.uy\/home\/?post_type=product&#038;p=2600"},"modified":"2024-04-15T18:08:06","modified_gmt":"2024-04-15T18:08:06","slug":"excelente-apartamento-en-edificio-emblematico","status":"publish","type":"product","link":"https:\/\/circulopropiedades.uy\/home\/producto\/excelente-apartamento-en-edificio-emblematico\/","title":{"rendered":"Apartamento en Cord\u00f3n de 3 dormitorios. Edificio emblem\u00e1tico."},"content":{"rendered":"<p><strong>Precio de venta: USD 149.000<\/strong><br \/>\n<strong>GC: $ 9.000<\/strong><br \/>\n<strong>Contribuci\u00f3n: $ 1.520 por cuota<\/strong><br \/>\n<strong>Primaria: $ 2.000 anual<\/strong><br \/>\n<strong>Tributos $ 1.260 por cuota<\/strong><\/p>\n<p>El \u00abPalacio Uruguay\u00bb fue construido en el a\u00f1o 1931. Siendo en la \u00e9poca y hoy una de las joyas arquitect\u00f3nicas de la ciudad, declarado \u00abPatrimonio Hist\u00f3rico\u00bb.<\/p>\n<p>En excelente estado de conservaci\u00f3n y con un mantenimiento \u00fanico se destacan su puerta principal siendo una obra de arte, sus interiores de m\u00e1rmol, los vitrales excelentemente conservados, la herrer\u00eda interior en las escaleras, puertas, el bronce, granito y cada uno de los detalles que lo conforman.<\/p>\n<p>El apartamento absolutamente cuidado se presenta amplio y muy confortable.<\/p>\n<p>Al ingresar encontramos un recibidor amplio que conecta con la cocina, el pasillo de distribuci\u00f3n y el living comedor.<\/p>\n<p>La cocina reformada cuenta con abundante espacio de almacenamiento tanto en su alacena como en sus a\u00e9reos y bajo mesada.<\/p>\n<p>Espacio con conexi\u00f3n para lavarropas, microondas, campana extractora, heladera y extensa mesada brindan absoluta comodidad.<\/p>\n<p>Ba\u00f1o espacioso y moderno. Bacha con almacenamiento, gran espejo y mampara en aluminio y vidrio.<\/p>\n<p>Dormitorio principal y segundo dormitorio de muy buenas dimensiones destac\u00e1ndose en ambos la ventilaci\u00f3n, el ingreso de luz natural y el estado de conservaci\u00f3n de sus pisos.<\/p>\n<p>Tercer dormitorio con camas de dise\u00f1o y dos aberturas que lo hacen tambi\u00e9n un ambiente luminoso y ventilado, destac\u00e1ndose la puerta corrediza para no quitar espacio interior ya que es de menores dimensiones.<\/p>\n<p>Las molduras en sus techos le aportan un toque especial que combina muy bien con los espacios modernos adaptados a la actualidad. Es una combinaci\u00f3n perfecta.<\/p>\n<p>El edificio cuenta con calefacci\u00f3n central y porter\u00eda las 24 hs.<\/p>\n","protected":false},"excerpt":{"rendered":"<p><span style=\"color: #000080\">Amplio y confortable<\/span><\/p>\n","protected":false},"featured_media":2601,"template":"","meta":[],"product_brand":[],"product_cat":[24],"product_tag":[],"class_list":{"0":"post-2600","1":"product","2":"type-product","3":"status-publish","4":"has-post-thumbnail","6":"product_cat-ventas","8":"first","9":"instock","10":"shipping-taxable","11":"product-type-simple"},"_links":{"self":[{"href":"https:\/\/circulopropiedades.uy\/home\/wp-json\/wp\/v2\/product\/2600","targetHints":{"allow":["GET"]}}],"collection":[{"href":"https:\/\/circulopropiedades.uy\/home\/wp-json\/wp\/v2\/product"}],"about":[{"href":"https:\/\/circulopropiedades.uy\/home\/wp-json\/wp\/v2\/types\/product"}],"wp:featuredmedia":[{"embeddable":true,"href":"https:\/\/circulopropiedades.uy\/home\/wp-json\/wp\/v2\/media\/2601"}],"wp:attachment":[{"href":"https:\/\/circulopropiedades.uy\/home\/wp-json\/wp\/v2\/media?parent=2600"}],"wp:term":[{"taxonomy":"product_brand","embeddable":true,"href":"https:\/\/circulopropiedades.uy\/home\/wp-json\/wp\/v2\/product_brand?post=2600"},{"taxonomy":"product_cat","embeddable":true,"href":"https:\/\/circulopropiedades.uy\/home\/wp-json\/wp\/v2\/product_cat?post=2600"},{"taxonomy":"product_tag","embeddable":true,"href":"https:\/\/circulopropiedades.uy\/home\/wp-json\/wp\/v2\/product_tag?post=2600"}],"curies":[{"name":"wp","href":"https:\/\/api.w.org\/{rel}","templated":true}]}}