{"id":2541,"date":"2023-09-07T20:14:05","date_gmt":"2023-09-07T20:14:05","guid":{"rendered":"https:\/\/circulopropiedades.uy\/home\/?post_type=product&#038;p=2541"},"modified":"2023-09-13T17:58:31","modified_gmt":"2023-09-13T17:58:31","slug":"casa-con-amplios-ambientes-a-reciclar","status":"publish","type":"product","link":"https:\/\/circulopropiedades.uy\/home\/producto\/casa-con-amplios-ambientes-a-reciclar\/","title":{"rendered":"Casa con amplios ambientes. A reciclar."},"content":{"rendered":"<p><strong>OPORTUNIDAD DE INVERSI\u00d3N<\/strong><\/p>\n<p><strong>PRECIO DE VENTA: US$ 69.000<\/strong><\/p>\n<p><strong>Acepta banco.<br \/>\nFinancia El 20% del total en USD, pagadero en cuotas mensuales y consecutivas y con un inter\u00e9s de un 18% anual con un m\u00e1ximo de 2 a\u00f1os.<\/strong><br \/>\n<strong>Toda la documentaci\u00f3n en regla.<\/strong><br \/>\n<strong>Bajo costo de contribuci\u00f3n: $ 1.400 aprox. anual.<\/strong><br \/>\n<strong>Impuesto a primaria $ 369 cada cuota. Tres cuotas al a\u00f1o.<br \/>\nTributos $ 984<br \/>\n<\/strong><\/p>\n<p><strong>Opci\u00f3n alquiler $ 16.000.<\/strong><br \/>\n<strong>Garant\u00edas aceptadas: ANDA o aseguradoras.<\/strong><\/p>\n<p>Casa con excelente potencial para reciclar. Construcci\u00f3n tradicional, s\u00f3lida con techos altos.<br \/>\nLiving con buen ingreso de luz natural.<br \/>\nDos dormitorios amplios con pisos en buen estado. Uno de ellos con abertura al frente.<br \/>\nCocina comedor amplia y definida.<br \/>\nBa\u00f1o de buenas dimensiones.<br \/>\nPatio lateral de aproximadamente 65 m2 con muy buenas posibilidades de ampliar ambiente hacia all\u00ed, de generar garaje o cochera y barbacoa de gran tama\u00f1o.<\/p>\n","protected":false},"excerpt":{"rendered":"<p><span style=\"color: #000080\">Excelente potencial<\/span><\/p>\n","protected":false},"featured_media":2542,"template":"","meta":[],"product_brand":[],"product_cat":[23,24],"product_tag":[],"class_list":{"0":"post-2541","1":"product","2":"type-product","3":"status-publish","4":"has-post-thumbnail","6":"product_cat-alquileres","7":"product_cat-ventas","9":"first","10":"instock","11":"shipping-taxable","12":"product-type-simple"},"_links":{"self":[{"href":"https:\/\/circulopropiedades.uy\/home\/wp-json\/wp\/v2\/product\/2541","targetHints":{"allow":["GET"]}}],"collection":[{"href":"https:\/\/circulopropiedades.uy\/home\/wp-json\/wp\/v2\/product"}],"about":[{"href":"https:\/\/circulopropiedades.uy\/home\/wp-json\/wp\/v2\/types\/product"}],"wp:featuredmedia":[{"embeddable":true,"href":"https:\/\/circulopropiedades.uy\/home\/wp-json\/wp\/v2\/media\/2542"}],"wp:attachment":[{"href":"https:\/\/circulopropiedades.uy\/home\/wp-json\/wp\/v2\/media?parent=2541"}],"wp:term":[{"taxonomy":"product_brand","embeddable":true,"href":"https:\/\/circulopropiedades.uy\/home\/wp-json\/wp\/v2\/product_brand?post=2541"},{"taxonomy":"product_cat","embeddable":true,"href":"https:\/\/circulopropiedades.uy\/home\/wp-json\/wp\/v2\/product_cat?post=2541"},{"taxonomy":"product_tag","embeddable":true,"href":"https:\/\/circulopropiedades.uy\/home\/wp-json\/wp\/v2\/product_tag?post=2541"}],"curies":[{"name":"wp","href":"https:\/\/api.w.org\/{rel}","templated":true}]}}