{"id":2511,"date":"2023-09-07T16:37:41","date_gmt":"2023-09-07T16:37:41","guid":{"rendered":"https:\/\/circulopropiedades.uy\/home\/?post_type=product&#038;p=2511"},"modified":"2023-11-17T23:39:44","modified_gmt":"2023-11-17T23:39:44","slug":"casa-luminosa-con-muy-buena-ventilacion-2","status":"publish","type":"product","link":"https:\/\/circulopropiedades.uy\/home\/producto\/casa-luminosa-con-muy-buena-ventilacion-2\/","title":{"rendered":"Casa luminosa con muy buena ventilaci\u00f3n."},"content":{"rendered":"<p><strong>PRECIO DE VENTA: US$ 120.000<br \/>\nGC: $ 2.600<\/strong><\/p>\n<p><strong>Ideal inversi\u00f3n.<\/strong><br \/>\n<strong>Renta anual 6,77%<\/strong><\/p>\n<p>Excelente oportunidad en un punto muy c\u00f3modo de la ciudad, con todos los servicios en la zona.<\/p>\n<p>La unidad se encuentra en excelente estado como se ve en las im\u00e1genes, muy cuidada y mantenida por los propietarios.<\/p>\n<p>La luz solar y la buena ventilaci\u00f3n complementan el aprovechamiento de los c\u00e1lidos ambientes.<\/p>\n<ul>\n<li>Living-comedor<\/li>\n<li>Cocina integrada<\/li>\n<li>Ba\u00f1o<\/li>\n<li>Terraza lavadero<\/li>\n<li>Azotea de uso exclusivo<\/li>\n<li>Cochera techada<\/li>\n<\/ul>\n<p>La zona cuenta con absolutamente todos los servicios.<\/p>\n<p>Colegios, escuelas, propuestas educativas para primera infancia hasta bachillerato.<br \/>\nA pasos del Parque del Prado, Jard\u00edn Bot\u00e1nico y otras \u00e1reas de recreaci\u00f3n adem\u00e1s de otras propuestas como son el Museo Blanes y el Jard\u00edn Japon\u00e9s.<br \/>\nZona de excelentes propuestas gastron\u00f3micas y deportivas.<br \/>\nA pocas cuadras de Tienda Inglesa, Devoto y Macro Mercado.<br \/>\nFarmacias, mini mercados, estaciones de servicio, y centros de salud tambi\u00e9n al alcance la mano.<\/p>\n<p>Propiedad bajo la Ley de Vivienda Promovida<\/p>\n<p>Acepta Banco.<\/p>\n<p>No dudes en consultarnos.<\/p>\n","protected":false},"excerpt":{"rendered":"<p><span style=\"color: #000080\">Moderna. Muy acogedora.<\/span><\/p>\n","protected":false},"featured_media":2527,"template":"","meta":[],"product_brand":[],"product_cat":[24],"product_tag":[],"class_list":{"0":"post-2511","1":"product","2":"type-product","3":"status-publish","4":"has-post-thumbnail","6":"product_cat-ventas","8":"first","9":"instock","10":"shipping-taxable","11":"product-type-simple"},"_links":{"self":[{"href":"https:\/\/circulopropiedades.uy\/home\/wp-json\/wp\/v2\/product\/2511","targetHints":{"allow":["GET"]}}],"collection":[{"href":"https:\/\/circulopropiedades.uy\/home\/wp-json\/wp\/v2\/product"}],"about":[{"href":"https:\/\/circulopropiedades.uy\/home\/wp-json\/wp\/v2\/types\/product"}],"wp:featuredmedia":[{"embeddable":true,"href":"https:\/\/circulopropiedades.uy\/home\/wp-json\/wp\/v2\/media\/2527"}],"wp:attachment":[{"href":"https:\/\/circulopropiedades.uy\/home\/wp-json\/wp\/v2\/media?parent=2511"}],"wp:term":[{"taxonomy":"product_brand","embeddable":true,"href":"https:\/\/circulopropiedades.uy\/home\/wp-json\/wp\/v2\/product_brand?post=2511"},{"taxonomy":"product_cat","embeddable":true,"href":"https:\/\/circulopropiedades.uy\/home\/wp-json\/wp\/v2\/product_cat?post=2511"},{"taxonomy":"product_tag","embeddable":true,"href":"https:\/\/circulopropiedades.uy\/home\/wp-json\/wp\/v2\/product_tag?post=2511"}],"curies":[{"name":"wp","href":"https:\/\/api.w.org\/{rel}","templated":true}]}}