{"id":2493,"date":"2023-08-28T20:42:48","date_gmt":"2023-08-28T20:42:48","guid":{"rendered":"https:\/\/circulopropiedades.uy\/home\/?post_type=product&#038;p=2493"},"modified":"2023-11-18T00:31:15","modified_gmt":"2023-11-18T00:31:15","slug":"casa-luminosa-con-muy-buena-ventilacion","status":"publish","type":"product","link":"https:\/\/circulopropiedades.uy\/home\/producto\/casa-luminosa-con-muy-buena-ventilacion\/","title":{"rendered":"Casa luminosa con muy buena ventilaci\u00f3n"},"content":{"rendered":"<p><strong>PRECIO DE VENTA: US$ 90.000<br \/>\nAcepta Banco<\/strong><\/p>\n<p>Prado, a pasos de Av. Agraciada y Cno. Castro.<\/p>\n<p>Zona comercial con todos los servicios, bancos, restaurantes, opciones de esparcimiento y recreativas. A metros nada m\u00e1s del Parque del Prado y del Jard\u00edn Bot\u00e1nico. Zona de espacio verde por excelencia.<br \/>\nExcelente transporte con conectividad hacia todos los puntos de la ciudad y varias l\u00edneas suburbanas.<\/p>\n<p>La unidad cuenta con:<\/p>\n<ul>\n<li>Amplio living comedor con estufa a le\u00f1a y aire acondicionado.<\/li>\n<li>Cocina semi integrada con gran aporte de luz natural.<\/li>\n<li>Ba\u00f1o con mampara.<\/li>\n<li>2 dormitorios, el principal con aire acondicionado.<\/li>\n<li>Patio interior con parrillero y azotea impermeabilizada, totalmente transitable y de uso exclusivo.<\/li>\n<li>Al frente entrada para auto con port\u00f3n basculante.<\/li>\n<li>Rejas en todas sus aberturas.<\/li>\n<li>Sumamente luminosa y cuenta con muy buena ventilaci\u00f3n.<\/li>\n<\/ul>\n<p>P.H. sin gastos comunes<\/p>\n<ul>\n<li>Contribuci\u00f3n: $ 1.161 Anual<\/li>\n<li>Tributos: 6 cuotas de $ 946<\/li>\n<li>Saneamiento: 6 cuotas de $ 245<\/li>\n<li>EXONERADO DE PRIMARIA<\/li>\n<\/ul>\n","protected":false},"excerpt":{"rendered":"<p><span style=\"color: #000080\">C\u00f3moda y segura<\/span><\/p>\n","protected":false},"featured_media":2494,"template":"","meta":[],"product_brand":[],"product_cat":[24],"product_tag":[],"class_list":{"0":"post-2493","1":"product","2":"type-product","3":"status-publish","4":"has-post-thumbnail","6":"product_cat-ventas","8":"first","9":"instock","10":"shipping-taxable","11":"product-type-simple"},"_links":{"self":[{"href":"https:\/\/circulopropiedades.uy\/home\/wp-json\/wp\/v2\/product\/2493","targetHints":{"allow":["GET"]}}],"collection":[{"href":"https:\/\/circulopropiedades.uy\/home\/wp-json\/wp\/v2\/product"}],"about":[{"href":"https:\/\/circulopropiedades.uy\/home\/wp-json\/wp\/v2\/types\/product"}],"wp:featuredmedia":[{"embeddable":true,"href":"https:\/\/circulopropiedades.uy\/home\/wp-json\/wp\/v2\/media\/2494"}],"wp:attachment":[{"href":"https:\/\/circulopropiedades.uy\/home\/wp-json\/wp\/v2\/media?parent=2493"}],"wp:term":[{"taxonomy":"product_brand","embeddable":true,"href":"https:\/\/circulopropiedades.uy\/home\/wp-json\/wp\/v2\/product_brand?post=2493"},{"taxonomy":"product_cat","embeddable":true,"href":"https:\/\/circulopropiedades.uy\/home\/wp-json\/wp\/v2\/product_cat?post=2493"},{"taxonomy":"product_tag","embeddable":true,"href":"https:\/\/circulopropiedades.uy\/home\/wp-json\/wp\/v2\/product_tag?post=2493"}],"curies":[{"name":"wp","href":"https:\/\/api.w.org\/{rel}","templated":true}]}}