{"id":2473,"date":"2023-06-27T16:33:15","date_gmt":"2023-06-27T16:33:15","guid":{"rendered":"https:\/\/circulopropiedades.uy\/home\/?post_type=product&#038;p=2473"},"modified":"2024-04-15T18:08:12","modified_gmt":"2024-04-15T18:08:12","slug":"apartamento-nuevo-con-garaje-en-excelente-punto-de-la-ciudad","status":"publish","type":"product","link":"https:\/\/circulopropiedades.uy\/home\/producto\/apartamento-nuevo-con-garaje-en-excelente-punto-de-la-ciudad\/","title":{"rendered":"Apartamento de 2 dormitorios en Aguada."},"content":{"rendered":"<p><strong>Precio de venta: US$ 153.000<\/strong><br \/>\n<strong>Acepta financiaci\u00f3n bancaria<\/strong><\/p>\n<p>TORRE BAH\u00cdA EN TORRES DEL REY<\/p>\n<p>Hermoso apartamento en piso 10 de la Torre Bah\u00eda con vista al sur.<\/p>\n<p>Moderno ingreso con porter\u00eda electr\u00f3nica, hall de dise\u00f1o con vista panor\u00e1mica, y ascensores de \u00faltima generaci\u00f3n.<\/p>\n<p>Piso con amplio pallier y buena iluminaci\u00f3n con sensores autom\u00e1ticos ofrecen c\u00f3modo transitar.<\/p>\n<p>El apartamento de 2 dormitorios recibe muy buena ventilaci\u00f3n e ingreso de luz en sus principales ambientes.<\/p>\n<p>Construcci\u00f3n s\u00f3lida con previsi\u00f3n para aire acondicionado y lavarropa.<\/p>\n<p>Ubicado en un barrio con alto contenido hist\u00f3rico, que combina construcciones de \u00e9poca con estructuras modernas, Aguada brinda todos los servicios siendo una zona comercial muy completa, con propuestas de esparcimiento, espacios verdes, gastron\u00f3micos, culturales, deportivos, art\u00edsticos y educativos desde primera infancia a niveles terciarios.<\/p>\n<p>Entre el Palacio Legislativo y Av. 18 de Julio. Excelente transporte hacia cualquier punto de la ciudad y muy c\u00f3modo acceso desde y hacia rutas nacionales.<\/p>\n<p>Como se ve en las im\u00e1genes la unidad se encuentra en perfecto estado al igual que la cochera en el garaje del edificio.<\/p>\n<p>Cuenta con placares en ambos dormitorios y en cocina que tambi\u00e9n presenta a\u00e9reos y bajo mesada.<\/p>\n","protected":false},"excerpt":{"rendered":"<p><span style=\"color: #000080\">Nuevo, con amplio garaje.<\/span><\/p>\n","protected":false},"featured_media":2474,"template":"","meta":[],"product_brand":[],"product_cat":[24],"product_tag":[],"class_list":{"0":"post-2473","1":"product","2":"type-product","3":"status-publish","4":"has-post-thumbnail","6":"product_cat-ventas","8":"first","9":"instock","10":"shipping-taxable","11":"product-type-simple"},"_links":{"self":[{"href":"https:\/\/circulopropiedades.uy\/home\/wp-json\/wp\/v2\/product\/2473","targetHints":{"allow":["GET"]}}],"collection":[{"href":"https:\/\/circulopropiedades.uy\/home\/wp-json\/wp\/v2\/product"}],"about":[{"href":"https:\/\/circulopropiedades.uy\/home\/wp-json\/wp\/v2\/types\/product"}],"wp:featuredmedia":[{"embeddable":true,"href":"https:\/\/circulopropiedades.uy\/home\/wp-json\/wp\/v2\/media\/2474"}],"wp:attachment":[{"href":"https:\/\/circulopropiedades.uy\/home\/wp-json\/wp\/v2\/media?parent=2473"}],"wp:term":[{"taxonomy":"product_brand","embeddable":true,"href":"https:\/\/circulopropiedades.uy\/home\/wp-json\/wp\/v2\/product_brand?post=2473"},{"taxonomy":"product_cat","embeddable":true,"href":"https:\/\/circulopropiedades.uy\/home\/wp-json\/wp\/v2\/product_cat?post=2473"},{"taxonomy":"product_tag","embeddable":true,"href":"https:\/\/circulopropiedades.uy\/home\/wp-json\/wp\/v2\/product_tag?post=2473"}],"curies":[{"name":"wp","href":"https:\/\/api.w.org\/{rel}","templated":true}]}}