{"id":2452,"date":"2023-05-23T19:19:48","date_gmt":"2023-05-23T19:19:48","guid":{"rendered":"https:\/\/circulopropiedades.uy\/home\/?post_type=product&#038;p=2452"},"modified":"2023-05-23T19:26:24","modified_gmt":"2023-05-23T19:26:24","slug":"2452","status":"publish","type":"product","link":"https:\/\/circulopropiedades.uy\/home\/producto\/2452\/","title":{"rendered":"Apartamento \u00fanico en excelente ubicaci\u00f3n"},"content":{"rendered":"<p><strong>Precio del alquiler: $ 26.000<br \/>\n<\/strong><strong>Gastos comunes: $ 3.500<\/strong><\/p>\n<p>Quinto piso en c\u00f3modo edificio<\/p>\n<p>52 m2<br \/>\nLiving &#8211; comedor con aire acondicionado<br \/>\n2 dormitorios con placard<br \/>\nBa\u00f1o completo<br \/>\nCocina con bajo mesada y a\u00e9reos<br \/>\nTerraza lavadero<br \/>\nExcelente iluminaci\u00f3n natural y ventilaci\u00f3n.<\/p>\n<p>El apartamento est\u00e1 en impecable estado, siempre mantenido y cuidado como se ve en las im\u00e1genes.<\/p>\n<p>La zona es ideal. Sobre calle Colonia a una cuadra de Av. 18 de Julio.<\/p>\n<p>Cuenta con absolutamente todos los servicios y propuestas en pocos metros a la redonda, durante el d\u00eda y tambi\u00e9n las 24 hs.<\/p>\n<p>Colegios, jardines, centros de salud, universidades, plazas, propuestas de recreaci\u00f3n, esparcimiento, gastron\u00f3micas, shopping, terminal de \u00f3mibus interdepartamentales, vel\u00f3dromo, estadio centenario, parques, y mucho m\u00e1s.<\/p>\n<p>Transporte hacia todos los puntos de la ciudad tanto por Colonia, como 18 de julio, Av. Bvar. Artigas o bien Av. Rivera.<\/p>\n<p>Consulte sobre garant\u00edas.<\/p>\n","protected":false},"excerpt":{"rendered":"<p><span style=\"color: #000080\">Cord\u00f3n l\u00edmite con Tres Cruces<\/span><\/p>\n","protected":false},"featured_media":2453,"template":"","meta":[],"product_brand":[],"product_cat":[23],"product_tag":[],"class_list":{"0":"post-2452","1":"product","2":"type-product","3":"status-publish","4":"has-post-thumbnail","6":"product_cat-alquileres","8":"first","9":"instock","10":"shipping-taxable","11":"product-type-simple"},"_links":{"self":[{"href":"https:\/\/circulopropiedades.uy\/home\/wp-json\/wp\/v2\/product\/2452","targetHints":{"allow":["GET"]}}],"collection":[{"href":"https:\/\/circulopropiedades.uy\/home\/wp-json\/wp\/v2\/product"}],"about":[{"href":"https:\/\/circulopropiedades.uy\/home\/wp-json\/wp\/v2\/types\/product"}],"wp:featuredmedia":[{"embeddable":true,"href":"https:\/\/circulopropiedades.uy\/home\/wp-json\/wp\/v2\/media\/2453"}],"wp:attachment":[{"href":"https:\/\/circulopropiedades.uy\/home\/wp-json\/wp\/v2\/media?parent=2452"}],"wp:term":[{"taxonomy":"product_brand","embeddable":true,"href":"https:\/\/circulopropiedades.uy\/home\/wp-json\/wp\/v2\/product_brand?post=2452"},{"taxonomy":"product_cat","embeddable":true,"href":"https:\/\/circulopropiedades.uy\/home\/wp-json\/wp\/v2\/product_cat?post=2452"},{"taxonomy":"product_tag","embeddable":true,"href":"https:\/\/circulopropiedades.uy\/home\/wp-json\/wp\/v2\/product_tag?post=2452"}],"curies":[{"name":"wp","href":"https:\/\/api.w.org\/{rel}","templated":true}]}}