{"id":2447,"date":"2023-04-13T16:27:26","date_gmt":"2023-04-13T16:27:26","guid":{"rendered":"https:\/\/circulopropiedades.uy\/home\/?post_type=product&#038;p=2447"},"modified":"2023-04-13T16:32:22","modified_gmt":"2023-04-13T16:32:22","slug":"excelente-cochera-a-estrenar-comodo-acceso-sin-maniobras-copia","status":"publish","type":"product","link":"https:\/\/circulopropiedades.uy\/home\/producto\/excelente-cochera-a-estrenar-comodo-acceso-sin-maniobras-copia\/","title":{"rendered":"Excelente cochera a estrenar. C\u00f3modo acceso sin maniobras."},"content":{"rendered":"<p><strong>Precio de venta: US$ 15.500<\/strong><strong>\u00a0<\/strong><\/p>\n<p>Excelente cochera. A estrenar.<br \/>\n10,61 m\u00b2 en segundo subsuelo de moderno edificio recientemente construido.<\/p>\n<p>Av. 8 de octubre a metros de 18 de julio. Punto privilegiado debido a la saturaci\u00f3n de la zona.<br \/>\nPort\u00f3n con control remoto que abre y cierra a gran velocidad (2-3 segundos). C\u00e1maras de seguridad en todos los niveles controlada por la recepci\u00f3n del edificio.<br \/>\nGaraje con todos los elementos de seguridad, excelente iluminaci\u00f3n, amplia rampa fija, curva ancha hacia el 2do. nivel y calles internas muy c\u00f3modas y cocheras claramente numeradas y delimitadas.<\/p>\n<p>Usuarios del edificio cuentan con acceso por ascensor o escalera a cada nivel.<\/p>\n","protected":false},"excerpt":{"rendered":"<p><span style=\"color: #000080\">Seguridad 24 hs.<\/span><\/p>\n","protected":false},"featured_media":2378,"template":"","meta":[],"product_brand":[],"product_cat":[24],"product_tag":[],"class_list":{"0":"post-2447","1":"product","2":"type-product","3":"status-publish","4":"has-post-thumbnail","6":"product_cat-ventas","8":"first","9":"instock","10":"shipping-taxable","11":"product-type-simple"},"_links":{"self":[{"href":"https:\/\/circulopropiedades.uy\/home\/wp-json\/wp\/v2\/product\/2447","targetHints":{"allow":["GET"]}}],"collection":[{"href":"https:\/\/circulopropiedades.uy\/home\/wp-json\/wp\/v2\/product"}],"about":[{"href":"https:\/\/circulopropiedades.uy\/home\/wp-json\/wp\/v2\/types\/product"}],"wp:featuredmedia":[{"embeddable":true,"href":"https:\/\/circulopropiedades.uy\/home\/wp-json\/wp\/v2\/media\/2378"}],"wp:attachment":[{"href":"https:\/\/circulopropiedades.uy\/home\/wp-json\/wp\/v2\/media?parent=2447"}],"wp:term":[{"taxonomy":"product_brand","embeddable":true,"href":"https:\/\/circulopropiedades.uy\/home\/wp-json\/wp\/v2\/product_brand?post=2447"},{"taxonomy":"product_cat","embeddable":true,"href":"https:\/\/circulopropiedades.uy\/home\/wp-json\/wp\/v2\/product_cat?post=2447"},{"taxonomy":"product_tag","embeddable":true,"href":"https:\/\/circulopropiedades.uy\/home\/wp-json\/wp\/v2\/product_tag?post=2447"}],"curies":[{"name":"wp","href":"https:\/\/api.w.org\/{rel}","templated":true}]}}