{"id":2276,"date":"2022-12-06T22:47:46","date_gmt":"2022-12-06T22:47:46","guid":{"rendered":"https:\/\/circulopropiedades.uy\/home\/?post_type=product&#038;p=2276"},"modified":"2023-01-23T16:59:22","modified_gmt":"2023-01-23T16:59:22","slug":"amplio-terreno-unico-ideal-proyecto-logistica-u-otros","status":"publish","type":"product","link":"https:\/\/circulopropiedades.uy\/home\/producto\/amplio-terreno-unico-ideal-proyecto-logistica-u-otros\/","title":{"rendered":"Amplio terreno. \u00danico. Ideal proyecto log\u00edstica u otros."},"content":{"rendered":"<p><strong>Precio de venta: US$ 2.200.000<\/strong><\/p>\n<p>Superficie del terreno: 91. 716 m\u00b2<\/p>\n<p>\u00daNICO. El predio se encuentra inserto en una excelente zona log\u00edstica de Montevideo debido a su ubicaci\u00f3n y es el \u00faltimo con dichas caracter\u00edsticas, sobre todo en metraje.<\/p>\n<p>De f\u00e1cil acceso desde cualquier punto del pa\u00eds y sobre todo desde el puerto de la capital.<\/p>\n<p>Categor\u00eda de suelo apta para construir destino log\u00edstico.<\/p>\n<p>Seg\u00fan an\u00e1lisis realizado es ideal fraccionarlo en 3 predios mayores a 3 hect\u00e1reas y as\u00ed lograr una mayor ocupaci\u00f3n de suelo.<\/p>\n<p>Con costos m\u00ednimos de demolici\u00f3n ya que queda muy poco edificado.<\/p>\n<p>Existe proyecto log\u00edstico dise\u00f1ado para este predio.<\/p>\n<p>Estamos abiertos a consultas y atentos a cualquier duda que pueda surgir, los recibiremos con mucho gusto.<\/p>\n","protected":false},"excerpt":{"rendered":"<p><span style=\"color: #000080\">Ubicaci\u00f3n estrat\u00e9gica<\/span><\/p>\n","protected":false},"featured_media":2277,"template":"","meta":[],"product_brand":[],"product_cat":[24],"product_tag":[],"class_list":{"0":"post-2276","1":"product","2":"type-product","3":"status-publish","4":"has-post-thumbnail","6":"product_cat-ventas","8":"first","9":"instock","10":"shipping-taxable","11":"product-type-simple"},"_links":{"self":[{"href":"https:\/\/circulopropiedades.uy\/home\/wp-json\/wp\/v2\/product\/2276","targetHints":{"allow":["GET"]}}],"collection":[{"href":"https:\/\/circulopropiedades.uy\/home\/wp-json\/wp\/v2\/product"}],"about":[{"href":"https:\/\/circulopropiedades.uy\/home\/wp-json\/wp\/v2\/types\/product"}],"wp:featuredmedia":[{"embeddable":true,"href":"https:\/\/circulopropiedades.uy\/home\/wp-json\/wp\/v2\/media\/2277"}],"wp:attachment":[{"href":"https:\/\/circulopropiedades.uy\/home\/wp-json\/wp\/v2\/media?parent=2276"}],"wp:term":[{"taxonomy":"product_brand","embeddable":true,"href":"https:\/\/circulopropiedades.uy\/home\/wp-json\/wp\/v2\/product_brand?post=2276"},{"taxonomy":"product_cat","embeddable":true,"href":"https:\/\/circulopropiedades.uy\/home\/wp-json\/wp\/v2\/product_cat?post=2276"},{"taxonomy":"product_tag","embeddable":true,"href":"https:\/\/circulopropiedades.uy\/home\/wp-json\/wp\/v2\/product_tag?post=2276"}],"curies":[{"name":"wp","href":"https:\/\/api.w.org\/{rel}","templated":true}]}}