{"id":2223,"date":"2022-12-06T20:56:02","date_gmt":"2022-12-06T20:56:02","guid":{"rendered":"https:\/\/circulopropiedades.uy\/home\/?post_type=product&#038;p=2223"},"modified":"2023-06-27T16:36:30","modified_gmt":"2023-06-27T16:36:30","slug":"casa-muy-comoda-y-funcional","status":"publish","type":"product","link":"https:\/\/circulopropiedades.uy\/home\/producto\/casa-muy-comoda-y-funcional\/","title":{"rendered":"Casa muy c\u00f3moda y funcional"},"content":{"rendered":"<p><strong>Precio de venta: US$ 198.000<br \/>\n<\/strong><\/p>\n<p>Superficie del terreno: 480 m\u00b2<br \/>\nSuperficie construida: 220 m\u00b2<\/p>\n<p>Paso de las Duranas, l\u00edmite con Prado.<\/p>\n<p>Cercana a servicios, centros de salud, espacios verdes y recreativos.<\/p>\n<p>La propiedad cuenta con jard\u00edn al frente, cochera techada para un veh\u00edculo protegido por port\u00f3n el\u00e9ctrico y garage cerrado para motos o bien puede ser un espacio cerrado para usos varios.<\/p>\n<p>Acceso a sala de estar con estufa a le\u00f1a y a una habitaci\u00f3n con ventana al frente.<\/p>\n<p>2 accesos a comedor con cocina completa integrada. Ba\u00f1o completo con mampara. Peque\u00f1o dep\u00f3sito y al fondo dormitorio principal con placard de 3 x 2,20 m.<\/p>\n<p>Al parrillero y patio trasero se puede acceder por un ingreso lateral independiente o bien a trav\u00e9s de una puerta lateral que conecta con la cocina.<\/p>\n<p>El parrillero adem\u00e1s se presenta techado con desag\u00fce, cuenta con pileta, cerramiento retr\u00e1ctil y se ubica sobre una explanada de cer\u00e1mica de 100 m2 dejando hacia el fondo de la propiedad un amplio espacio verde arbolado, con iluminaci\u00f3n lo cual lo hace un espacio muy agradable.<\/p>\n<p>La instalaci\u00f3n el\u00e9ctrica es con llaves t\u00e9rmicas, embutida, y el agua a termofusi\u00f3n.<\/p>\n<p>La propiedad es segura ya que cuenta con alarma, port\u00f3n el\u00e9ctrico PPA, rejas, y portero el\u00e9ctrico.<\/p>\n<p>2 calefones y 3 equipos de aire acondicionado totalmente operativos est\u00e1n incluidos.<\/p>\n<p>Contribuci\u00f3n anual: $ 13.000<\/p>\n<p>Primaria: $ 3.000<\/p>\n<p>Todo al d\u00eda y documentado.<\/p>\n<p>Se contin\u00faan abonando mensualmente cuotas de BHU.<\/p>\n<p>La propiedad acepta traspaso de cuotas pendientes.<\/p>\n<p>No dudes en consultar.<\/p>\n","protected":false},"excerpt":{"rendered":"<p>Amplia barbacoa con espacio verde<\/p>\n","protected":false},"featured_media":2224,"template":"","meta":[],"product_brand":[],"product_cat":[24],"product_tag":[],"class_list":{"0":"post-2223","1":"product","2":"type-product","3":"status-publish","4":"has-post-thumbnail","6":"product_cat-ventas","8":"first","9":"instock","10":"shipping-taxable","11":"product-type-simple"},"_links":{"self":[{"href":"https:\/\/circulopropiedades.uy\/home\/wp-json\/wp\/v2\/product\/2223","targetHints":{"allow":["GET"]}}],"collection":[{"href":"https:\/\/circulopropiedades.uy\/home\/wp-json\/wp\/v2\/product"}],"about":[{"href":"https:\/\/circulopropiedades.uy\/home\/wp-json\/wp\/v2\/types\/product"}],"wp:featuredmedia":[{"embeddable":true,"href":"https:\/\/circulopropiedades.uy\/home\/wp-json\/wp\/v2\/media\/2224"}],"wp:attachment":[{"href":"https:\/\/circulopropiedades.uy\/home\/wp-json\/wp\/v2\/media?parent=2223"}],"wp:term":[{"taxonomy":"product_brand","embeddable":true,"href":"https:\/\/circulopropiedades.uy\/home\/wp-json\/wp\/v2\/product_brand?post=2223"},{"taxonomy":"product_cat","embeddable":true,"href":"https:\/\/circulopropiedades.uy\/home\/wp-json\/wp\/v2\/product_cat?post=2223"},{"taxonomy":"product_tag","embeddable":true,"href":"https:\/\/circulopropiedades.uy\/home\/wp-json\/wp\/v2\/product_tag?post=2223"}],"curies":[{"name":"wp","href":"https:\/\/api.w.org\/{rel}","templated":true}]}}