{"id":2126,"date":"2022-12-05T21:49:35","date_gmt":"2022-12-05T21:49:35","guid":{"rendered":"https:\/\/circulopropiedades.uy\/home\/?post_type=product&#038;p=2126"},"modified":"2026-02-24T20:25:03","modified_gmt":"2026-02-24T20:25:03","slug":"cochera-en-cordon-amplio-garaje-muy-comoda","status":"publish","type":"product","link":"https:\/\/circulopropiedades.uy\/home\/producto\/cochera-en-cordon-amplio-garaje-muy-comoda\/","title":{"rendered":"Cochera en Cord\u00f3n. Amplio garaje. Muy c\u00f3moda y segura."},"content":{"rendered":"<p><strong>Precio de venta: US$ 16.500<\/strong><\/p>\n<p>-Cochera en subsuelo<br \/>\n-11,80 m\u00b2<br \/>\n-Llave y control remoto<br \/>\n-C\u00e1maras de seguridad<br \/>\n-Encendido autom\u00e1tico de luces<br \/>\n-Cierre autom\u00e1tico de cortina<br \/>\n-Sensor con aviso de salida<br \/>\n-Espacio ideal tambi\u00e9n para camioneta<\/p>\n<p>Garaje en subsuelo de edificio ubicado en Avda. Gral. Rivera a metros de Acevedo Diaz<\/p>\n<p>Llave automatizada de ingreso con opci\u00f3n a control remoto (costo aparte).<\/p>\n<p>Ingreso directo a cochera 16 sin columnas.<\/p>\n<p>El amplio garage cuenta con c\u00e1maras de vigilancia en exterior e interior, iluminaci\u00f3n led con encendido autom\u00e1tico al ingreso y cierre autom\u00e1tico de cortina con sensor sonoro y de luz para seguridad de peatones y veh\u00edculos.<\/p>\n<p>Iluminaci\u00f3n exterior en la noche.<\/p>\n<p>GC: $ 1.500 (incluidos contribuci\u00f3n e impuesto a primaria).<\/p>\n<p>Ideal inversi\u00f3n.<\/p>\n<p>La cochera actualmente se encuentra alquilada<\/p>\n","protected":false},"excerpt":{"rendered":"<p><span style=\"color: #000080\">Espacio apto tambi\u00e9n para camioneta<\/span><\/p>\n","protected":false},"featured_media":2115,"template":"","meta":[],"product_brand":[],"product_cat":[24],"product_tag":[],"class_list":{"0":"post-2126","1":"product","2":"type-product","3":"status-publish","4":"has-post-thumbnail","6":"product_cat-ventas","8":"first","9":"instock","10":"featured","11":"shipping-taxable","12":"product-type-simple"},"_links":{"self":[{"href":"https:\/\/circulopropiedades.uy\/home\/wp-json\/wp\/v2\/product\/2126","targetHints":{"allow":["GET"]}}],"collection":[{"href":"https:\/\/circulopropiedades.uy\/home\/wp-json\/wp\/v2\/product"}],"about":[{"href":"https:\/\/circulopropiedades.uy\/home\/wp-json\/wp\/v2\/types\/product"}],"wp:featuredmedia":[{"embeddable":true,"href":"https:\/\/circulopropiedades.uy\/home\/wp-json\/wp\/v2\/media\/2115"}],"wp:attachment":[{"href":"https:\/\/circulopropiedades.uy\/home\/wp-json\/wp\/v2\/media?parent=2126"}],"wp:term":[{"taxonomy":"product_brand","embeddable":true,"href":"https:\/\/circulopropiedades.uy\/home\/wp-json\/wp\/v2\/product_brand?post=2126"},{"taxonomy":"product_cat","embeddable":true,"href":"https:\/\/circulopropiedades.uy\/home\/wp-json\/wp\/v2\/product_cat?post=2126"},{"taxonomy":"product_tag","embeddable":true,"href":"https:\/\/circulopropiedades.uy\/home\/wp-json\/wp\/v2\/product_tag?post=2126"}],"curies":[{"name":"wp","href":"https:\/\/api.w.org\/{rel}","templated":true}]}}