{"id":1702,"date":"2022-12-05T18:18:58","date_gmt":"2022-12-05T18:18:58","guid":{"rendered":"https:\/\/circulopropiedades.uy\/home\/?post_type=product&#038;p=1702"},"modified":"2023-09-18T14:10:56","modified_gmt":"2023-09-18T14:10:56","slug":"hermosa-casa-de-estilo-reciclada","status":"publish","type":"product","link":"https:\/\/circulopropiedades.uy\/home\/producto\/hermosa-casa-de-estilo-reciclada\/","title":{"rendered":"Hermosa casa de estilo. Reciclada."},"content":{"rendered":"<p><strong>Precio de venta: US$ 530.000<\/strong><\/p>\n<p>Hermosa casa de estilo reciclada, modernizada, pronta para habitar.<\/p>\n<p>Superficie total del terreno: 340 m\u00b2<br \/>\nSuperficie construida: 160 m\u00b2<\/p>\n<p>Noble construcci\u00f3n, muy c\u00f3moda. Emplazada en un lugar pintoresco, tranquilo, frente a Plaza Guernica, pr\u00f3xima a colegios, centros de servicios, a metros del Parque Batlle.<\/p>\n<p>Ubicaci\u00f3n muy luminosa sin edificios alrededor, tampoco proyectos de edificios en curso, con casas linderas de familias reci\u00e9n establecidas.<\/p>\n<p>En planta baja, amplia cocina con estar muy iluminada. Cuenta con anafe, horno y campana espa\u00f1ola a estrenar. Comedor y living amplios con estufa a le\u00f1a cl\u00e1sica. Adem\u00e1s dos dormitorios con placares a estrenar, dos ba\u00f1os completos, uno de ellos en suite.<\/p>\n<p>En la planta alta un dormitorio con placar amplio y ba\u00f1o completo. Terraza transitable amplia.<\/p>\n<p>Aire acondicionado en todos los ambientes.<\/p>\n<p>La propiedad cuenta con cochera, m\u00e1s amplio garaje cerrado. Gran fondo en 2 niveles. En la zona inferior una p\u00e9rgola de madera dura a la salida de la cocina y parrillero. El nivel superior es amplio y sin edificaci\u00f3n lo que lo hace ideal para crear una zona de piscina.\u00a0Alarma con respuesta. Rejas.<\/p>\n","protected":false},"excerpt":{"rendered":"<p><span style=\"color: #000080\">Muy luminosa<\/span><\/p>\n","protected":false},"featured_media":1703,"template":"","meta":[],"product_brand":[],"product_cat":[24],"product_tag":[],"class_list":{"0":"post-1702","1":"product","2":"type-product","3":"status-publish","4":"has-post-thumbnail","6":"product_cat-ventas","8":"first","9":"instock","10":"shipping-taxable","11":"product-type-simple"},"_links":{"self":[{"href":"https:\/\/circulopropiedades.uy\/home\/wp-json\/wp\/v2\/product\/1702","targetHints":{"allow":["GET"]}}],"collection":[{"href":"https:\/\/circulopropiedades.uy\/home\/wp-json\/wp\/v2\/product"}],"about":[{"href":"https:\/\/circulopropiedades.uy\/home\/wp-json\/wp\/v2\/types\/product"}],"wp:featuredmedia":[{"embeddable":true,"href":"https:\/\/circulopropiedades.uy\/home\/wp-json\/wp\/v2\/media\/1703"}],"wp:attachment":[{"href":"https:\/\/circulopropiedades.uy\/home\/wp-json\/wp\/v2\/media?parent=1702"}],"wp:term":[{"taxonomy":"product_brand","embeddable":true,"href":"https:\/\/circulopropiedades.uy\/home\/wp-json\/wp\/v2\/product_brand?post=1702"},{"taxonomy":"product_cat","embeddable":true,"href":"https:\/\/circulopropiedades.uy\/home\/wp-json\/wp\/v2\/product_cat?post=1702"},{"taxonomy":"product_tag","embeddable":true,"href":"https:\/\/circulopropiedades.uy\/home\/wp-json\/wp\/v2\/product_tag?post=1702"}],"curies":[{"name":"wp","href":"https:\/\/api.w.org\/{rel}","templated":true}]}}