{"id":1628,"date":"2022-12-02T18:00:08","date_gmt":"2022-12-02T18:00:08","guid":{"rendered":"https:\/\/circulopropiedades.uy\/home\/?post_type=product&#038;p=1628"},"modified":"2024-04-15T18:09:19","modified_gmt":"2024-04-15T18:09:19","slug":"casa-luminosa-amplio-terreno-con-espacio-verde","status":"publish","type":"product","link":"https:\/\/circulopropiedades.uy\/home\/producto\/casa-luminosa-amplio-terreno-con-espacio-verde\/","title":{"rendered":"Casa luminosa. Amplio terreno con espacio verde."},"content":{"rendered":"<p><strong>Precio US$: 88.000<\/strong><\/p>\n<p>Actualmente en renta.<\/p>\n<p>Propiedad ubicada en barrio Lezica a metros del Centro Hospitalario Saint-Bois.<\/p>\n<p>Living &#8211; comedor con estufa a le\u00f1a<br \/>\n3 habitaciones<br \/>\nCocina definida<br \/>\nBa\u00f1o<br \/>\nPorche al frente<br \/>\nPatio trasero<br \/>\nCobertizo semi cerrado con parrillero<\/p>\n<p>Galp\u00f3n. Habitaci\u00f3n con piso de cer\u00e1mica, cielorraso, pintura en buenas condiciones que tambi\u00e9n puede ser utilizada como habitaci\u00f3n de hu\u00e9spedes, lavadero, gimnasio, sala de juegos, barbacoa cerrada, etc.<\/p>\n<p>Son 138m2 construidos en un total de 396m2. Incluidos un frente amplio con espacio verde y capacidad exterior para 2 veh\u00edculos delimitados por reja al frente.<\/p>\n<p>La propiedad adem\u00e1s cuenta con un garage cerrado y rejas en todas sus aberturas.<\/p>\n","protected":false},"excerpt":{"rendered":"<p>&nbsp;<\/p>\n<p><span style=\"color: #000080\">Buenas posibilidades de mejora<\/span><\/p>\n","protected":false},"featured_media":1629,"template":"","meta":[],"product_brand":[],"product_cat":[24],"product_tag":[],"class_list":{"0":"post-1628","1":"product","2":"type-product","3":"status-publish","4":"has-post-thumbnail","6":"product_cat-ventas","8":"first","9":"instock","10":"shipping-taxable","11":"product-type-simple"},"_links":{"self":[{"href":"https:\/\/circulopropiedades.uy\/home\/wp-json\/wp\/v2\/product\/1628","targetHints":{"allow":["GET"]}}],"collection":[{"href":"https:\/\/circulopropiedades.uy\/home\/wp-json\/wp\/v2\/product"}],"about":[{"href":"https:\/\/circulopropiedades.uy\/home\/wp-json\/wp\/v2\/types\/product"}],"wp:featuredmedia":[{"embeddable":true,"href":"https:\/\/circulopropiedades.uy\/home\/wp-json\/wp\/v2\/media\/1629"}],"wp:attachment":[{"href":"https:\/\/circulopropiedades.uy\/home\/wp-json\/wp\/v2\/media?parent=1628"}],"wp:term":[{"taxonomy":"product_brand","embeddable":true,"href":"https:\/\/circulopropiedades.uy\/home\/wp-json\/wp\/v2\/product_brand?post=1628"},{"taxonomy":"product_cat","embeddable":true,"href":"https:\/\/circulopropiedades.uy\/home\/wp-json\/wp\/v2\/product_cat?post=1628"},{"taxonomy":"product_tag","embeddable":true,"href":"https:\/\/circulopropiedades.uy\/home\/wp-json\/wp\/v2\/product_tag?post=1628"}],"curies":[{"name":"wp","href":"https:\/\/api.w.org\/{rel}","templated":true}]}}