{"id":2293,"date":"2022-12-07T04:37:47","date_gmt":"2022-12-07T04:37:47","guid":{"rendered":"https:\/\/circulopropiedades.uy\/home\/?page_id=2293"},"modified":"2022-12-08T18:02:30","modified_gmt":"2022-12-08T18:02:30","slug":"administracion","status":"publish","type":"page","link":"https:\/\/circulopropiedades.uy\/home\/administracion\/","title":{"rendered":"Administraci\u00f3n"},"content":{"rendered":"\n    \n    <section class=\"u-align-left u-clearfix u-section-2\" id=\"sec-9233\">\n      <div class=\"u-clearfix u-sheet u-valign-middle u-sheet-1\">\n        <div class=\"fr-view u-clearfix u-rich-text u-text u-text-1\">\n          <h2 style=\"text-align: left;\">Administraci\u00f3n<\/h2>\n          <p id=\"isPasted\">Elaboramos un plan de gesti\u00f3n para cada cliente tomando en cuenta su realidad, las necesidades que presenta, y la operativa general de la propiedad horizontal a administrar. Brindamos atenci\u00f3n personalizada.<br>\n            <br>\n            <span style=\"font-weight: 700;\">Nuestro servicio:<\/span>\n            <br>No s\u00f3lo se basa en llevar adelante la econom\u00eda, cubrir gastos fijos, pagar salarios, servicios y brindar reportes mes a mes. Ofrecemos una propuesta integral.\n          <\/p>\n          <ul>\n            <li>Asesoramiento jur\u00eddico y notarial<img decoding=\"async\" align=\"center\" style=\"width: 382px;\" class=\"fr-dii fr-fic fr-fir\" src=\"http:\/\/circulopropiedades.uy\/home\/wp-content\/uploads\/2022\/12\/Imgadminpweb-1365x2048.jpg\" width=\"570\">\n              <br>Nuestro equipo est\u00e1 conformado por un abogado y una escribana que poseen el conocimiento necesario para llevar adelante con total profesionalismo todo lo concerniente a la propiedad horizontal.\n            <\/li>\n            <li>Asesoramiento profesional<br>Del mismo modo nos acompa\u00f1an profesionales del \u00e1mbito de ingenier\u00eda y arquitectura que cubren con total seguridad los aspectos edilicios y nos aseguran el correcto cuidado y mantenimiento de los diferentes sectores.<span style=\"line-height: 2.0;\">tas congue. &nbsp; <\/span>\n            <\/li>\n            <li style=\"text-align: left;\">Asesoramiento t\u00e9cnico<br>Contamos con personal t\u00e9cnico de todos los rubros que atiende los emergentes que puedan presentarse las 24 hs. del d\u00eda, tanto en el edificio como a los propietarios.\n            <\/li>\n            <li>Propuestas de mejora<br>Estamos permanentemente atentos al mercado y sus ofrecimientos de tal modo que si notamos la necesidad podamos proponer actualizaciones en la operativa diaria aunque no sean solicitadas. Para que sean analizadas en conjunto, apuntando siempre a mejorar aspectos como la seguridad, la comunicaci\u00f3n, y todo lo que tiene que ver con el funcionamiento interno. Solicitando siempre presupuestos al detalle de cada servicio.\n            <\/li>\n            <li>Comunicaci\u00f3n permanente<br>Con gusto estamos en permanente contacto para atender a cada cliente en las m\u00e1s diversas situaciones que se presenten siempre y cuando est\u00e9n dentro del acuerdo entre las partes.\n            <\/li>\n            <li>Trabajo en equipo con la comisi\u00f3n administradora<br>Porque no es una tarea que se pueda llevar adelante sin el mutuo apoyo. Creemos que el trabajo en conjunto da mejores resultados a la hora de integrar todas las partes en el proceso de gesti\u00f3n.\n            <\/li>\n          <\/ul>\n          <p>Una correcta administraci\u00f3n permite que los edificios no se queden en el tiempo, se deterioren y las unidades pierdan valor.<\/p>\n          <p>Te invitamos a contactarnos y solicitar presupuesto sin costo.<span style=\"line-height: 2.0;\">&nbsp;<\/span>\n          <\/p>\n        <\/div>\n      <\/div>\n    <\/section>\n    <section class=\"u-clearfix u-white u-section-3\" id=\"carousel_1611\">\n      <div class=\"u-clearfix u-sheet u-sheet-1\">\n        <div class=\"u-clearfix u-expanded-width u-gutter-0 u-layout-wrap u-layout-wrap-1\">\n          <div class=\"u-gutter-0 u-layout\">\n            <div class=\"u-layout-row\">\n              <div class=\"u-align-center u-container-style u-layout-cell u-size-60 u-layout-cell-1\">\n                <div class=\"u-container-layout u-valign-top u-container-layout-1\">\n                  <div class=\"u-align-left u-form u-form-1\">\n                            <script>\n            function onSuccess(event) {\n                if (typeof window.serviceRequest !== 'undefined') {\n                    window.serviceRequest(jQuery(this).find('form'));\n                }\n                var msgContainer = jQuery(event.currentTarget).find('.wpcf7-response-output');\n                msgContainer.removeClass('u-form-send-error').addClass('u-form-send-message u-form-send-success');\n                msgContainer.show();\n                var redirectAddress = jQuery(event.currentTarget).find('[redirect-address]').attr('redirect-address');\n                if (redirectAddress) {\n                    setTimeout(function () {\n                        location.replace(redirectAddress);\n                    }, 2000);\n                }\n            }\n            function onError(event) {\n                var msgContainer = jQuery(event.currentTarget).find('.wpcf7-response-output');\n                msgContainer.removeClass('u-form-send-success').addClass('u-form-send-message u-form-send-error');\n                msgContainer.show();\n            }\n\n            jQuery('body')\n                .on('wpcf7mailsent',   '.u-form .wpcf7', onSuccess)\n                .on('wpcf7invalid',    '.u-form .wpcf7', onError)\n                .on('wpcf7:unaccepted', '.u-form .wpcf7', onError)\n                .on('wpcf7spam',       '.u-form .wpcf7', onError)\n                .on('wpcf7:aborted',    '.u-form .wpcf7', onError)\n                .on('wpcf7mailfailed', '.u-form .wpcf7', onError);\n        <\/script>\n        <style>\n            .u-form .wpcf7-response-output {\n                \/*position: relative !important;*\/\n                margin: 0 !important;\n                bottom: -70px!important;\n            }\n            .u-form .wpcf7 .ajax-loader {\n                margin-left: -24px;\n                margin-right: 0;\n            }\n        <\/style>\n<form action=\"#\" class=\"u-clearfix u-form-spacing-30 u-form-vertical u-inner-form\" style=\"padding: 0px;\" source=\"contact7\" name=\"form\">\n                      <h5 class=\"u-form-group u-form-text u-text u-text-1\">1. Datos del Edificio<\/h5>\n                      <div class=\"u-form-group u-form-partition-factor-3 u-form-group-2\">\n                        <label for=\"text-5df5\" class=\"u-label u-label-1\">Nombre del Edificio<\/label>\n                        <input type=\"text\" placeholder=\"Ingrese el Nombre\" id=\"text-5df5\" name=\"nombre_edificio\" class=\"u-grey-5 u-input u-input-rectangle u-radius-5 u-input-1\" required=\"required\">\n                      <\/div>\n                      <div class=\"u-form-group u-form-partition-factor-3 u-form-group-3\">\n                        <label for=\"text-6c88\" class=\"u-label u-label-2\">Direcci\u00f3n del Edificio<\/label>\n                        <input type=\"text\" placeholder=\"Ingrese la Direcci\u00f3n\" id=\"text-6c88\" name=\"direccion_edificio\" class=\"u-grey-5 u-input u-input-rectangle u-radius-5 u-input-2\">\n                      <\/div>\n                      <div class=\"u-form-group u-form-partition-factor-3 u-form-group-4\">\n                        <label for=\"text-4561\" class=\"u-label u-label-3\">Cantidad de Apartamentos<\/label>\n                        <input type=\"text\" placeholder=\"Ingrese la Cantidad\" id=\"text-4561\" name=\"cant_apartamentos\" class=\"u-grey-5 u-input u-input-rectangle u-radius-5 u-input-3\" required=\"required\">\n                      <\/div>\n                      <div class=\"u-form-group u-form-partition-factor-3 u-form-group-5\">\n                        <label for=\"text-a61e\" class=\"u-label u-label-4\">Cantidad de Garages<\/label>\n                        <input type=\"text\" placeholder=\"Ingrese la Cantidad\" id=\"text-a61e\" name=\"cant_garages\" class=\"u-grey-5 u-input u-input-rectangle u-radius-5 u-input-4\" required=\"required\">\n                      <\/div>\n                      <div class=\"u-form-group u-form-partition-factor-3 u-form-group-6\">\n                        <label for=\"text-3652\" class=\"u-label u-label-5\">Calefacci\u00f3n<\/label>\n                        <input type=\"text\" placeholder=\"\u00bfTiene Calefacci\u00f3n?\" id=\"text-3652\" name=\"calefaccion\" class=\"u-grey-5 u-input u-input-rectangle u-radius-5 u-input-5\" value=\"\">\n                      <\/div>\n                      <div class=\"u-form-group u-form-partition-factor-3 u-form-group-7\">\n                        <label for=\"text-0fc9\" class=\"u-label u-label-6\">Tipo<\/label>\n                        <input type=\"text\" placeholder=\"Tipo de Calefacci\u00f3n\" id=\"text-0fc9\" name=\"tipo_calefaccion\" class=\"u-grey-5 u-input u-input-rectangle u-radius-5 u-input-6\">\n                      <\/div>\n                      <div class=\"u-form-group u-form-partition-factor-3 u-form-group-8\">\n                        <label for=\"text-5a9e\" class=\"u-label u-label-7\">Ascensores<\/label>\n                        <input type=\"text\" placeholder=\"\u00bfTiene Asensores?\" id=\"text-5a9e\" name=\"ascensores\" class=\"u-grey-5 u-input u-input-rectangle u-radius-5 u-input-7\">\n                      <\/div>\n                      <div class=\"u-form-group u-form-partition-factor-3 u-form-group-9\">\n                        <label for=\"text-4bbe\" class=\"u-label u-label-8\">Cantidad<\/label>\n                        <input type=\"text\" id=\"text-4bbe\" name=\"cantidad_asensores\" class=\"u-grey-5 u-input u-input-rectangle u-radius-5 u-input-8\" placeholder=\"Ingrese la Cantidad\">\n                      <\/div>\n                      <div class=\"u-form-group u-form-partition-factor-3 u-form-group-10\">\n                        <label for=\"text-c031\" class=\"u-label u-label-9\">Cantidad de Empleados<\/label>\n                        <input type=\"text\" placeholder=\"Ingrese la Cantidad\" id=\"text-c031\" name=\"cant_empleados\" class=\"u-grey-5 u-input u-input-rectangle u-radius-5 u-input-9\">\n                      <\/div>\n                      <h5 class=\"u-form-group u-form-text u-text u-text-2\"> 2. Datos Personales<\/h5>\n                      <div class=\"u-form-group u-form-name u-form-partition-factor-3\">\n                        <label for=\"name-319a\" class=\"u-label u-label-10\">Nombre Completo<\/label>\n                        <input type=\"text\" placeholder=\"Ingrese su Nombre\" id=\"name-319a\" name=\"your-name\" class=\"u-grey-5 u-input u-input-rectangle u-radius-5 u-input-10\" required=\"\">\n                        <div style=\"position: relative !important; height: 0px; width: 0px; float: left !important;\"><\/div>\n                        <div style=\"position: relative !important; height: 0px; width: 0px; float: left !important;\"><\/div>\n                        <div style=\"position: relative !important; height: 0px; width: 0px; float: left !important;\"><\/div>\n                        <div style=\"position: relative !important; height: 0px; width: 0px; float: left !important;\"><\/div>\n                        <div style=\"position: relative !important; height: 0px; width: 0px; float: left !important;\"><\/div>\n                        <div style=\"position: relative !important; height: 0px; width: 0px; float: left !important;\"><\/div>\n                      <\/div>\n                      <div class=\"u-form-group u-form-partition-factor-3 u-form-phone u-form-group-13\">\n                        <label for=\"phone-bd45\" class=\"u-label u-label-11\">Tel\u00e9fono<\/label>\n                        <input type=\"tel\" pattern=\"\\+?\\d{0,3}[\\s\\(\\-]?([0-9]{2,3})[\\s\\)\\-]?([\\s\\-]?)([0-9]{3})[\\s\\-]?([0-9]{2})[\\s\\-]?([0-9]{2})\" placeholder=\"Ingrese su tel\u00e9fono\" id=\"phone-bd45\" name=\"telefono\" class=\"u-grey-5 u-input u-input-rectangle u-radius-5 u-input-11\" required=\"\">\n                        <div style=\"position: relative !important; height: 0px; width: 0px; float: left !important;\"><\/div>\n                      <\/div>\n                      <div class=\"u-form-email u-form-group u-form-partition-factor-3\">\n                        <label for=\"email-319a\" class=\"u-label u-label-12\">E-mail<\/label>\n                        <input type=\"email\" placeholder=\"Ingrese su e-mail\" id=\"email-319a\" name=\"your-email\" class=\"u-grey-5 u-input u-input-rectangle u-radius-5 u-input-12\" required=\"\">\n                        <div style=\"position: relative !important; height: 0px; width: 0px; float: left !important;\"><\/div>\n                        <div style=\"position: relative !important; height: 0px; width: 0px; float: left !important;\"><\/div>\n                      <\/div>\n                      <div class=\"u-form-group u-form-message\">\n                        <label for=\"message-319a\" class=\"u-label u-label-13\">Mensaje<\/label>\n                        <textarea placeholder=\"Ingrese su mensaje\" rows=\"4\" cols=\"50\" id=\"message-319a\" name=\"your-subject\" class=\"u-grey-5 u-input u-input-rectangle u-radius-5 u-input-13\"><\/textarea>\n                      <\/div>\n                      <div class=\"u-align-left u-form-group u-form-submit\">\n                        <a href=\"#\" class=\"u-active-palette-1-light-2 u-border-none u-btn u-btn-round u-btn-submit u-button-style u-custom-color-1 u-hover-palette-1-light-2 u-radius-5 u-btn-1\">Enviar<br>\n                        <\/a>\n                        <input type=\"submit\" value=\"submit\" class=\"u-form-control-hidden\">\n                      <\/div>\n                      <div class=\"u-form-send-message u-form-send-success\"> Thank you! Your message has been sent. <\/div>\n                      <div class=\"u-form-send-error u-form-send-message\"> Unable to send your message. Please fix errors then try again. <\/div>\n                      <input type=\"hidden\" value=\"\" name=\"recaptchaResponse\">\n                    <\/form>\n                  <\/div>\n                <\/div>\n              <\/div>\n            <\/div>\n          <\/div>\n        <\/div>\n      <\/div>\n      \n      \n    <\/section>\n    \n    \n  \n","protected":false},"excerpt":{"rendered":"<p>Administraci\u00f3n Elaboramos un plan de gesti\u00f3n para cada cliente tomando en cuenta su realidad, las necesidades que presenta, y la operativa general de la propiedad horizontal a administrar. Brindamos atenci\u00f3n personalizada. Nuestro servicio: No s\u00f3lo se basa en llevar adelante la econom\u00eda, cubrir gastos fijos, pagar salarios, servicios y brindar reportes mes a mes. Ofrecemos &hellip; <a href=\"https:\/\/circulopropiedades.uy\/home\/administracion\/\" class=\"more-link\">Continue reading<span class=\"screen-reader-text\"> \u00abAdministraci\u00f3n\u00bb<\/span><\/a><\/p>\n","protected":false},"author":1,"featured_media":0,"parent":0,"menu_order":0,"comment_status":"closed","ping_status":"closed","template":"","meta":{"footnotes":""},"class_list":["post-2293","page","type-page","status-publish","hentry"],"_links":{"self":[{"href":"https:\/\/circulopropiedades.uy\/home\/wp-json\/wp\/v2\/pages\/2293","targetHints":{"allow":["GET"]}}],"collection":[{"href":"https:\/\/circulopropiedades.uy\/home\/wp-json\/wp\/v2\/pages"}],"about":[{"href":"https:\/\/circulopropiedades.uy\/home\/wp-json\/wp\/v2\/types\/page"}],"author":[{"embeddable":true,"href":"https:\/\/circulopropiedades.uy\/home\/wp-json\/wp\/v2\/users\/1"}],"replies":[{"embeddable":true,"href":"https:\/\/circulopropiedades.uy\/home\/wp-json\/wp\/v2\/comments?post=2293"}],"version-history":[{"count":9,"href":"https:\/\/circulopropiedades.uy\/home\/wp-json\/wp\/v2\/pages\/2293\/revisions"}],"predecessor-version":[{"id":2314,"href":"https:\/\/circulopropiedades.uy\/home\/wp-json\/wp\/v2\/pages\/2293\/revisions\/2314"}],"wp:attachment":[{"href":"https:\/\/circulopropiedades.uy\/home\/wp-json\/wp\/v2\/media?parent=2293"}],"curies":[{"name":"wp","href":"https:\/\/api.w.org\/{rel}","templated":true}]}}