{"id":1186,"date":"2022-11-23T22:27:36","date_gmt":"2022-11-23T22:27:36","guid":{"rendered":"https:\/\/circulopropiedades.uy\/home\/?page_id=1186"},"modified":"2022-11-30T17:23:06","modified_gmt":"2022-11-30T17:23:06","slug":"alquileres","status":"publish","type":"page","link":"https:\/\/circulopropiedades.uy\/home\/alquileres\/","title":{"rendered":"Alquileres"},"content":{"rendered":"<p><strong>Contamos con herramientas que acelerar\u00e1n tu b\u00fasqueda. Adem\u00e1s, nuestro acuerdo comercial con FIDECIU garant\u00eda de alquileres har\u00e1 que la obtengas en cuesti\u00f3n de horas con total seguridad.<br \/>\n<\/strong><strong>Operamos tambi\u00e9n con otras garant\u00edas. Como son Contadur\u00eda General de la Naci\u00f3n, ANDA y las aseguradoras. No dudes en consultarnos.<\/strong><\/p>\n<p><img loading=\"lazy\" decoding=\"async\" class=\"aligncenter size-large wp-image-1561\" src=\"http:\/\/circulopropiedades.uy\/home\/wp-content\/uploads\/2022\/11\/fideciu2-846x1024.jpg\" alt=\"\" width=\"846\" height=\"1024\" srcset=\"https:\/\/circulopropiedades.uy\/home\/wp-content\/uploads\/2022\/11\/fideciu2-846x1024.jpg 846w, https:\/\/circulopropiedades.uy\/home\/wp-content\/uploads\/2022\/11\/fideciu2-800x968.jpg 800w, https:\/\/circulopropiedades.uy\/home\/wp-content\/uploads\/2022\/11\/fideciu2-64x77.jpg 64w, https:\/\/circulopropiedades.uy\/home\/wp-content\/uploads\/2022\/11\/fideciu2-248x300.jpg 248w, https:\/\/circulopropiedades.uy\/home\/wp-content\/uploads\/2022\/11\/fideciu2-768x929.jpg 768w, https:\/\/circulopropiedades.uy\/home\/wp-content\/uploads\/2022\/11\/fideciu2-1270x1536.jpg 1270w, https:\/\/circulopropiedades.uy\/home\/wp-content\/uploads\/2022\/11\/fideciu2-1693x2048.jpg 1693w, https:\/\/circulopropiedades.uy\/home\/wp-content\/uploads\/2022\/11\/fideciu2-1200x1452.jpg 1200w, https:\/\/circulopropiedades.uy\/home\/wp-content\/uploads\/2022\/11\/fideciu2.jpg 1920w\" sizes=\"auto, (max-width: 709px) 85vw, (max-width: 909px) 67vw, (max-width: 1362px) 62vw, 840px\" \/><\/p>\n<p>Alquilar con C\u00edrculo Propiedades y FIDECIU tiene sus beneficios.<\/p>\n","protected":false},"excerpt":{"rendered":"<p>Contamos con herramientas que acelerar\u00e1n tu b\u00fasqueda. Adem\u00e1s, nuestro acuerdo comercial con FIDECIU garant\u00eda de alquileres har\u00e1 que la obtengas en cuesti\u00f3n de horas con total seguridad. Operamos tambi\u00e9n con otras garant\u00edas. Como son Contadur\u00eda General de la Naci\u00f3n, ANDA y las aseguradoras. No dudes en consultarnos. Alquilar con C\u00edrculo Propiedades y FIDECIU tiene sus &hellip; <a href=\"https:\/\/circulopropiedades.uy\/home\/alquileres\/\" class=\"more-link\">Continue reading<span class=\"screen-reader-text\"> \u00abAlquileres\u00bb<\/span><\/a><\/p>\n","protected":false},"author":1,"featured_media":0,"parent":0,"menu_order":0,"comment_status":"closed","ping_status":"closed","template":"","meta":{"footnotes":""},"class_list":["post-1186","page","type-page","status-publish","hentry"],"_links":{"self":[{"href":"https:\/\/circulopropiedades.uy\/home\/wp-json\/wp\/v2\/pages\/1186","targetHints":{"allow":["GET"]}}],"collection":[{"href":"https:\/\/circulopropiedades.uy\/home\/wp-json\/wp\/v2\/pages"}],"about":[{"href":"https:\/\/circulopropiedades.uy\/home\/wp-json\/wp\/v2\/types\/page"}],"author":[{"embeddable":true,"href":"https:\/\/circulopropiedades.uy\/home\/wp-json\/wp\/v2\/users\/1"}],"replies":[{"embeddable":true,"href":"https:\/\/circulopropiedades.uy\/home\/wp-json\/wp\/v2\/comments?post=1186"}],"version-history":[{"count":9,"href":"https:\/\/circulopropiedades.uy\/home\/wp-json\/wp\/v2\/pages\/1186\/revisions"}],"predecessor-version":[{"id":1579,"href":"https:\/\/circulopropiedades.uy\/home\/wp-json\/wp\/v2\/pages\/1186\/revisions\/1579"}],"wp:attachment":[{"href":"https:\/\/circulopropiedades.uy\/home\/wp-json\/wp\/v2\/media?parent=1186"}],"curies":[{"name":"wp","href":"https:\/\/api.w.org\/{rel}","templated":true}]}}