{"id":1181,"date":"2022-11-23T22:24:39","date_gmt":"2022-11-23T22:24:39","guid":{"rendered":"https:\/\/circulopropiedades.uy\/home\/?page_id=1181"},"modified":"2022-11-23T22:25:06","modified_gmt":"2022-11-23T22:25:06","slug":"invertir","status":"publish","type":"page","link":"https:\/\/circulopropiedades.uy\/home\/invertir\/","title":{"rendered":"Invertir"},"content":{"rendered":"<p><strong>\u00bfPor qu\u00e9 invertir en inmuebles en Uruguay?<\/strong><\/p>\n<p>Nuestro pa\u00eds se ha convertido en una excelente opci\u00f3n debido a su ubicaci\u00f3n geogr\u00e1fica ya que es zona libre de cat\u00e1strofes. Posee uno de los mejores puertos de la regi\u00f3n, entre otros como los son el crecimiento tur\u00edstico, la estabilidad pol\u00edtica y social que lo posicionan como uno de los pa\u00edses m\u00e1s estables y seguros de Am\u00e9rica Latina.<\/p>\n<p>En los \u00faltimos a\u00f1os ha sido exponencial el crecimiento permanente de empresas desarrolladoras dedicadas al rubro inmobiliario.<br \/>\nPor eso encontramos propuestas como lo son los nuevos barrios privados, proyectos comerciales de gran porte, complejos habitacionales de todo tipo, sin olvidarnos de la venta de campos y a diario la construcci\u00f3n de casas y apartamentos que van desde monoambientes hasta opciones de lujo dejando una muy buena rentabilidad.<br \/>\nObservamos todo tipo de propuestas con beneficios que las hacen muy interesantes a la hora de invertir.<br \/>\n<strong>La ley 18.795 que promueve el acceso a la vivienda de inter\u00e9s social:<br \/>\nFija los precios en Unidades Indexadas (UI)<br \/>\nExonera el Impuesto a las Trasmisiones Patrimoniales (ITP: siendo 2% sobre el valor de catastro).<br \/>\nExonera el IVA.<br \/>\nExonera los impuestos de IRPF e IRAE por 10 a\u00f1os.<br \/>\nExoneraci\u00f3n de Impuesto al Patrimonio por 10 a\u00f1os.<\/strong><\/p>\n<p>Invertir en un rubro de alta rentabilidad es un hecho.<br \/>\nC\u00edrculo Propiedades con gusto te asesorar\u00e1 y acompa\u00f1ar\u00e1 en el proyecto de inversi\u00f3n para que sea seguro.<\/p>\n","protected":false},"excerpt":{"rendered":"<p>\u00bfPor qu\u00e9 invertir en inmuebles en Uruguay? Nuestro pa\u00eds se ha convertido en una excelente opci\u00f3n debido a su ubicaci\u00f3n geogr\u00e1fica ya que es zona libre de cat\u00e1strofes. Posee uno de los mejores puertos de la regi\u00f3n, entre otros como los son el crecimiento tur\u00edstico, la estabilidad pol\u00edtica y social que lo posicionan como uno &hellip; <a href=\"https:\/\/circulopropiedades.uy\/home\/invertir\/\" class=\"more-link\">Continue reading<span class=\"screen-reader-text\"> \u00abInvertir\u00bb<\/span><\/a><\/p>\n","protected":false},"author":1,"featured_media":0,"parent":0,"menu_order":0,"comment_status":"closed","ping_status":"closed","template":"","meta":{"footnotes":""},"class_list":["post-1181","page","type-page","status-publish","hentry"],"_links":{"self":[{"href":"https:\/\/circulopropiedades.uy\/home\/wp-json\/wp\/v2\/pages\/1181","targetHints":{"allow":["GET"]}}],"collection":[{"href":"https:\/\/circulopropiedades.uy\/home\/wp-json\/wp\/v2\/pages"}],"about":[{"href":"https:\/\/circulopropiedades.uy\/home\/wp-json\/wp\/v2\/types\/page"}],"author":[{"embeddable":true,"href":"https:\/\/circulopropiedades.uy\/home\/wp-json\/wp\/v2\/users\/1"}],"replies":[{"embeddable":true,"href":"https:\/\/circulopropiedades.uy\/home\/wp-json\/wp\/v2\/comments?post=1181"}],"version-history":[{"count":2,"href":"https:\/\/circulopropiedades.uy\/home\/wp-json\/wp\/v2\/pages\/1181\/revisions"}],"predecessor-version":[{"id":1183,"href":"https:\/\/circulopropiedades.uy\/home\/wp-json\/wp\/v2\/pages\/1181\/revisions\/1183"}],"wp:attachment":[{"href":"https:\/\/circulopropiedades.uy\/home\/wp-json\/wp\/v2\/media?parent=1181"}],"curies":[{"name":"wp","href":"https:\/\/api.w.org\/{rel}","templated":true}]}}