{"id":1175,"date":"2022-11-23T22:19:14","date_gmt":"2022-11-23T22:19:14","guid":{"rendered":"https:\/\/circulopropiedades.uy\/home\/?page_id=1175"},"modified":"2022-11-30T20:05:49","modified_gmt":"2022-11-30T20:05:49","slug":"compra-venta","status":"publish","type":"page","link":"https:\/\/circulopropiedades.uy\/home\/compra-venta\/","title":{"rendered":"Compra &#038; Venta"},"content":{"rendered":"<p><strong>Cuidamos tu tiempo y tu dinero para hacer de esta transici\u00f3n una etapa agradable.<img loading=\"lazy\" decoding=\"async\" class=\"alignright size-medium wp-image-1527\" src=\"http:\/\/circulopropiedades.uy\/home\/wp-content\/uploads\/2022\/11\/cuidamos-tu-tiempo-y-tu-dinero-300x200.jpg\" alt=\"\" width=\"300\" height=\"200\" \/><br \/>\n<\/strong><br \/>\nEstamos preparados para asesorarte al detalle sobre estos procesos que suelen ser engorrosos si no se cuenta con respaldo de profesionales.<\/p>\n<p>Pasos de cada proceso:<\/p>\n<p>-Registro fotogr\u00e1fico y de video<br \/>\n-Tasaci\u00f3n de la propiedad<br \/>\n-Publicaci\u00f3n en diferentes portales, plataformas, redes, revistas, etc. Publicidad.<br \/>\n-Coordinamos visitas a la propiedad<br \/>\n-Nos ocupamos de buscar a los interesados y de la negociaci\u00f3n, cuidando siempre los intereses de nuestros clientes.<br \/>\n-Acompa\u00f1amos la firma del boleto de reserva y estamos atentos a todo el proceso hasta la firma final de las partes.<\/p>\n<h3 style=\"text-align: center;\"><span style=\"text-decoration: underline;\"><span style=\"color: #000000;\"><strong>Venta<\/strong><\/span><\/span><\/h3>\n<h4>Los cinco errores m\u00e1s comunes. \u00bfSabes cu\u00e1les son?<img loading=\"lazy\" decoding=\"async\" class=\"alignright size-medium wp-image-1526\" src=\"http:\/\/circulopropiedades.uy\/home\/wp-content\/uploads\/2022\/11\/Asesoramiento-3-300x200.jpg\" alt=\"\" width=\"300\" height=\"200\" \/><\/h4>\n<ol>\n<li>Salir al mercado con un precio inadecuado.<\/li>\n<li>No preparar el inmueble correctamente. Recuerda que la primera impresi\u00f3n es la que queda.<\/li>\n<li>Darle poca difusi\u00f3n. Colocar un anuncio en un portal no es suficiente. Se necesita un\u00a0<strong>Plan de Marketing<\/strong><\/li>\n<li>Creer que lidiar con los compradores es tarea f\u00e1cil. Nada m\u00e1s lejos de la realidad.<\/li>\n<li>No controlar adecuadamente el papeleo nos puede acarrear sorpresas desagradables.<\/li>\n<\/ol>\n<p><strong>\u00bfEn qu\u00e9 se basa el valor de una vivienda?<\/strong><\/p>\n<ol>\n<li>En el mercado actual<\/li>\n<li>En la oferta de productos similares.<\/li>\n<li>En el estado de conservaci\u00f3n.<\/li>\n<li>En la percepci\u00f3n del comprador.<\/li>\n<li>En la situaci\u00f3n y la zona donde est\u00e9 ubicada.<\/li>\n<\/ol>\n<p><strong>\u00bfEn qu\u00e9 no se basa el valor de una vivienda?<\/strong><br \/>\n<img loading=\"lazy\" decoding=\"async\" class=\"alignright size-medium wp-image-1529\" src=\"http:\/\/circulopropiedades.uy\/home\/wp-content\/uploads\/2022\/11\/Asesoramiento-comercial-3-300x200.jpg\" alt=\"\" width=\"300\" height=\"200\" srcset=\"https:\/\/circulopropiedades.uy\/home\/wp-content\/uploads\/2022\/11\/Asesoramiento-comercial-3-300x200.jpg 300w, https:\/\/circulopropiedades.uy\/home\/wp-content\/uploads\/2022\/11\/Asesoramiento-comercial-3-scaled-800x533.jpg 800w, https:\/\/circulopropiedades.uy\/home\/wp-content\/uploads\/2022\/11\/Asesoramiento-comercial-3-scaled-64x43.jpg 64w, https:\/\/circulopropiedades.uy\/home\/wp-content\/uploads\/2022\/11\/Asesoramiento-comercial-3-1024x683.jpg 1024w, https:\/\/circulopropiedades.uy\/home\/wp-content\/uploads\/2022\/11\/Asesoramiento-comercial-3-768x512.jpg 768w, https:\/\/circulopropiedades.uy\/home\/wp-content\/uploads\/2022\/11\/Asesoramiento-comercial-3-1536x1024.jpg 1536w, https:\/\/circulopropiedades.uy\/home\/wp-content\/uploads\/2022\/11\/Asesoramiento-comercial-3-2048x1365.jpg 2048w, https:\/\/circulopropiedades.uy\/home\/wp-content\/uploads\/2022\/11\/Asesoramiento-comercial-3-1200x800.jpg 1200w\" sizes=\"auto, (max-width: 300px) 85vw, 300px\" \/><\/p>\n<ol>\n<li>En lo que se pag\u00f3 por ella.<\/li>\n<li>En la hipoteca pendiente de pago.<\/li>\n<li>En lo que se quiera obtener.<\/li>\n<li>En lo que cueste la que se piense adquirir despu\u00e9s con la venta.<\/li>\n<li>En lo que dijo el vecino que obtuvo por la suya.<\/li>\n<li>En los sentimientos hacia ella.<\/li>\n<\/ol>\n<p>&nbsp;<\/p>\n<h3 style=\"text-align: center;\"><span style=\"text-decoration: underline;\"><strong>Fases del Proceso de Venta<\/strong><\/span><\/h3>\n<p><strong>Valoraci\u00f3n del inmueble<img loading=\"lazy\" decoding=\"async\" class=\"alignright size-medium wp-image-1533\" src=\"http:\/\/circulopropiedades.uy\/home\/wp-content\/uploads\/2022\/11\/Visitas-2-300x200.jpg\" alt=\"\" width=\"300\" height=\"200\" srcset=\"https:\/\/circulopropiedades.uy\/home\/wp-content\/uploads\/2022\/11\/Visitas-2-300x200.jpg 300w, https:\/\/circulopropiedades.uy\/home\/wp-content\/uploads\/2022\/11\/Visitas-2-scaled-800x533.jpg 800w, https:\/\/circulopropiedades.uy\/home\/wp-content\/uploads\/2022\/11\/Visitas-2-scaled-64x43.jpg 64w, https:\/\/circulopropiedades.uy\/home\/wp-content\/uploads\/2022\/11\/Visitas-2-1024x683.jpg 1024w, https:\/\/circulopropiedades.uy\/home\/wp-content\/uploads\/2022\/11\/Visitas-2-768x512.jpg 768w, https:\/\/circulopropiedades.uy\/home\/wp-content\/uploads\/2022\/11\/Visitas-2-1536x1024.jpg 1536w, https:\/\/circulopropiedades.uy\/home\/wp-content\/uploads\/2022\/11\/Visitas-2-2048x1365.jpg 2048w, https:\/\/circulopropiedades.uy\/home\/wp-content\/uploads\/2022\/11\/Visitas-2-1200x800.jpg 1200w\" sizes=\"auto, (max-width: 300px) 85vw, 300px\" \/><\/strong><\/p>\n<p>Decimos siempre la verdad; lo que honestamente creemos que vale el inmueble, que puede coincidir o no con lo que el\u00a0<strong>cliente<\/strong>\u00a0piensa. Debe escuchar la realidad, nuestra opini\u00f3n profesional, no lo que le gustar\u00eda o\u00edr.<br \/>\nValoramos el inmueble como si fuese propio, y disponemos para ello de las mejores herramientas de valoraci\u00f3n.<\/p>\n<p>Utilizamos criterios comerciales que ajustan el valor del inmueble en funci\u00f3n de su estado.<\/p>\n<p>Realizamos tambi\u00e9n el an\u00e1lisis del inmueble mediante la matriz\u00a0<strong>DAFO<\/strong>, para descubrir tanto los puntos fuertes como las posibles debilidades del producto.<strong>\u00a0<\/strong><\/p>\n<p><strong>Estudio de todos los aspectos legales<\/strong><br \/>\nLa propiedad puede estar sujeta a situaciones diversas: puede estar dividida entre la nuda propiedad y el usufructo; puede tener servidumbres, tanto como predio sirviente como dominante; puede tener cargas por hipotecas o embargos.<strong>\u00a0<\/strong><\/p>\n<p><strong>Preparaci\u00f3n del inmueble para la venta<img loading=\"lazy\" decoding=\"async\" class=\"alignright size-medium wp-image-1536\" src=\"http:\/\/circulopropiedades.uy\/home\/wp-content\/uploads\/2022\/11\/caracterizacion-urbana-4-1-300x200.jpg\" alt=\"\" width=\"300\" height=\"200\" srcset=\"https:\/\/circulopropiedades.uy\/home\/wp-content\/uploads\/2022\/11\/caracterizacion-urbana-4-1-300x200.jpg 300w, https:\/\/circulopropiedades.uy\/home\/wp-content\/uploads\/2022\/11\/caracterizacion-urbana-4-1-scaled-800x533.jpg 800w, https:\/\/circulopropiedades.uy\/home\/wp-content\/uploads\/2022\/11\/caracterizacion-urbana-4-1-scaled-64x43.jpg 64w, https:\/\/circulopropiedades.uy\/home\/wp-content\/uploads\/2022\/11\/caracterizacion-urbana-4-1-1024x683.jpg 1024w, https:\/\/circulopropiedades.uy\/home\/wp-content\/uploads\/2022\/11\/caracterizacion-urbana-4-1-768x512.jpg 768w, https:\/\/circulopropiedades.uy\/home\/wp-content\/uploads\/2022\/11\/caracterizacion-urbana-4-1-1536x1024.jpg 1536w, https:\/\/circulopropiedades.uy\/home\/wp-content\/uploads\/2022\/11\/caracterizacion-urbana-4-1-2048x1365.jpg 2048w, https:\/\/circulopropiedades.uy\/home\/wp-content\/uploads\/2022\/11\/caracterizacion-urbana-4-1-1200x800.jpg 1200w\" sizes=\"auto, (max-width: 300px) 85vw, 300px\" \/><\/strong><br \/>\nEl inmueble hay que considerarlo como lo que es en realidad: un\u00a0producto\u00a0que hay que\u00a0vender\u00a0en un\u00a0mercado, y que compite con otros muchos productos similares.<br \/>\nHay que dejar atr\u00e1s cualquier aspecto sentimental porque no ayuda a ver la realidad. Nosotros aconsejamos lo que debe hacerse antes de sacar el producto al mercado, por ejemplo:<\/p>\n<p>Retirar esos muebles viejos que quedaron ah\u00ed estacionados.<\/p>\n<ul>\n<li>Dar una mano de pintura blanca para que la primera impresi\u00f3n sea agradable.<\/li>\n<li>Retirar los objetos personales: fotos, cuadros\u2026<\/li>\n<li>Limpiar a fondo, sobre todo cocina y ba\u00f1os.<\/li>\n<li>Presentar todos los ambientes ordenados y con buena luz<\/li>\n<\/ul>\n<p>Esto es preciso hacerlo porque cuando vayamos con un comprador a visitar el inmueble, los primeros 15 segundos son claves. Esa primera impresi\u00f3n puede hacer que se cierre la venta o todo lo contrario (y adem\u00e1s debemos saber que no tendremos otra oportunidad).<\/p>\n<p><strong>Comercializaci\u00f3n. Salida al mercado.<img loading=\"lazy\" decoding=\"async\" class=\"alignright size-medium wp-image-1538\" src=\"http:\/\/circulopropiedades.uy\/home\/wp-content\/uploads\/2022\/11\/Visitamos-proyectos-cada-semana-300x182.jpg\" alt=\"\" width=\"300\" height=\"182\" srcset=\"https:\/\/circulopropiedades.uy\/home\/wp-content\/uploads\/2022\/11\/Visitamos-proyectos-cada-semana-300x182.jpg 300w, https:\/\/circulopropiedades.uy\/home\/wp-content\/uploads\/2022\/11\/Visitamos-proyectos-cada-semana-scaled-800x484.jpg 800w, https:\/\/circulopropiedades.uy\/home\/wp-content\/uploads\/2022\/11\/Visitamos-proyectos-cada-semana-scaled-64x39.jpg 64w, https:\/\/circulopropiedades.uy\/home\/wp-content\/uploads\/2022\/11\/Visitamos-proyectos-cada-semana-1024x620.jpg 1024w, https:\/\/circulopropiedades.uy\/home\/wp-content\/uploads\/2022\/11\/Visitamos-proyectos-cada-semana-768x465.jpg 768w, https:\/\/circulopropiedades.uy\/home\/wp-content\/uploads\/2022\/11\/Visitamos-proyectos-cada-semana-1536x929.jpg 1536w, https:\/\/circulopropiedades.uy\/home\/wp-content\/uploads\/2022\/11\/Visitamos-proyectos-cada-semana-2048x1239.jpg 2048w, https:\/\/circulopropiedades.uy\/home\/wp-content\/uploads\/2022\/11\/Visitamos-proyectos-cada-semana-1200x726.jpg 1200w\" sizes=\"auto, (max-width: 300px) 85vw, 300px\" \/><\/strong><br \/>\nSeguramente algunos pensar\u00e1n que esta fase se reduce a poner un cartel en el balc\u00f3n, un anuncio gratuito en un portal inmobiliario y a esperar.<br \/>\nIncluso puede ser que salga bien una vez entre cien. Pero cuando esto sea as\u00ed, deber\u00edan hacerse una pregunta, \u00bfhabr\u00e9 vendido en su precio justo?<br \/>\nEn otros pa\u00edses con mayor desarrollo, es impensable que una persona venda algo tan importante como un inmueble sin recibir el asesoramiento de un profesional.<\/p>\n<p><strong>\u00bfPor qu\u00e9 acudir en primer lugar a un Agente Inmobiliario?<\/strong><\/p>\n<p>En esta fase hay que tener en cuenta aspectos como estos:<\/p>\n<ul>\n<li>Control de la publicidad. \u00cdndices de respuesta.<\/li>\n<li>Cualificaci\u00f3n de los compradores, porque no todo el que se interesa por el inmueble puede adquirirlo.<\/li>\n<li>Filtrar los interesados para realizar solo aquellas visitas que de verdad sean interesantes.<\/li>\n<li>Gestionar las ofertas que se reciban.<\/li>\n<li>Informar al comprador de todos los gastos e impuestos a los que tendr\u00e1 que hacer frente.<\/li>\n<li>Cerrar la operaci\u00f3n sin perder al interesado.<\/li>\n<li>Y para cerrar esta fase volvemos a recordar la importancia de una tasaci\u00f3n real de mercado. Sin ella la propiedad no se vender\u00e1.<strong>\u00a0<\/strong><\/li>\n<\/ul>\n<p><strong>B\u00fasqueda de financiaci\u00f3n para el comprador.<\/strong><\/p>\n<p>En esta fase informamos al comprador de las diversas opciones de que dispone en el mercado para financiar su vivienda, porque no siempre su entidad habitual ser\u00e1 la que mejor oferta crediticia le ofrezca.<\/p>\n<p>Y estudiamos con \u00e9l las posibilidades de concesi\u00f3n en base a su capacidad econ\u00f3mica y nivel de riesgo.<\/p>\n<p><strong>Firma<img loading=\"lazy\" decoding=\"async\" class=\"alignright size-medium wp-image-1539\" src=\"http:\/\/circulopropiedades.uy\/home\/wp-content\/uploads\/2022\/11\/Firma-boleto-de-reserva-300x200.jpg\" alt=\"\" width=\"300\" height=\"200\" srcset=\"https:\/\/circulopropiedades.uy\/home\/wp-content\/uploads\/2022\/11\/Firma-boleto-de-reserva-300x200.jpg 300w, https:\/\/circulopropiedades.uy\/home\/wp-content\/uploads\/2022\/11\/Firma-boleto-de-reserva-scaled-800x533.jpg 800w, https:\/\/circulopropiedades.uy\/home\/wp-content\/uploads\/2022\/11\/Firma-boleto-de-reserva-scaled-64x43.jpg 64w, https:\/\/circulopropiedades.uy\/home\/wp-content\/uploads\/2022\/11\/Firma-boleto-de-reserva-1024x683.jpg 1024w, https:\/\/circulopropiedades.uy\/home\/wp-content\/uploads\/2022\/11\/Firma-boleto-de-reserva-768x512.jpg 768w, https:\/\/circulopropiedades.uy\/home\/wp-content\/uploads\/2022\/11\/Firma-boleto-de-reserva-1536x1024.jpg 1536w, https:\/\/circulopropiedades.uy\/home\/wp-content\/uploads\/2022\/11\/Firma-boleto-de-reserva-2048x1365.jpg 2048w, https:\/\/circulopropiedades.uy\/home\/wp-content\/uploads\/2022\/11\/Firma-boleto-de-reserva-1200x800.jpg 1200w\" sizes=\"auto, (max-width: 300px) 85vw, 300px\" \/><\/strong><\/p>\n<p>Para preparar esta fase ya de cierre:<\/p>\n<ul>\n<li>Preparamos el expediente completo para entregarlo al profesional actuante.<\/li>\n<li>Coordinamos la firma con las partes.<\/li>\n<\/ul>\n<p>Y estamos presentes en el acto de la firma para que todo se desarrolle seg\u00fan lo previsto.-<\/p>\n","protected":false},"excerpt":{"rendered":"<p>Cuidamos tu tiempo y tu dinero para hacer de esta transici\u00f3n una etapa agradable. Estamos preparados para asesorarte al detalle sobre estos procesos que suelen ser engorrosos si no se cuenta con respaldo de profesionales. Pasos de cada proceso: -Registro fotogr\u00e1fico y de video -Tasaci\u00f3n de la propiedad -Publicaci\u00f3n en diferentes portales, plataformas, redes, revistas, &hellip; <a href=\"https:\/\/circulopropiedades.uy\/home\/compra-venta\/\" class=\"more-link\">Continue reading<span class=\"screen-reader-text\"> \u00abCompra &#038; Venta\u00bb<\/span><\/a><\/p>\n","protected":false},"author":1,"featured_media":0,"parent":0,"menu_order":0,"comment_status":"closed","ping_status":"closed","template":"","meta":{"footnotes":""},"class_list":["post-1175","page","type-page","status-publish","hentry"],"_links":{"self":[{"href":"https:\/\/circulopropiedades.uy\/home\/wp-json\/wp\/v2\/pages\/1175","targetHints":{"allow":["GET"]}}],"collection":[{"href":"https:\/\/circulopropiedades.uy\/home\/wp-json\/wp\/v2\/pages"}],"about":[{"href":"https:\/\/circulopropiedades.uy\/home\/wp-json\/wp\/v2\/types\/page"}],"author":[{"embeddable":true,"href":"https:\/\/circulopropiedades.uy\/home\/wp-json\/wp\/v2\/users\/1"}],"replies":[{"embeddable":true,"href":"https:\/\/circulopropiedades.uy\/home\/wp-json\/wp\/v2\/comments?post=1175"}],"version-history":[{"count":13,"href":"https:\/\/circulopropiedades.uy\/home\/wp-json\/wp\/v2\/pages\/1175\/revisions"}],"predecessor-version":[{"id":1584,"href":"https:\/\/circulopropiedades.uy\/home\/wp-json\/wp\/v2\/pages\/1175\/revisions\/1584"}],"wp:attachment":[{"href":"https:\/\/circulopropiedades.uy\/home\/wp-json\/wp\/v2\/media?parent=1175"}],"curies":[{"name":"wp","href":"https:\/\/api.w.org\/{rel}","templated":true}]}}