{"id":1173,"date":"2022-11-23T22:18:43","date_gmt":"2022-11-23T22:18:43","guid":{"rendered":"https:\/\/circulopropiedades.uy\/home\/?page_id=1173"},"modified":"2022-11-30T17:55:50","modified_gmt":"2022-11-30T17:55:50","slug":"equipo","status":"publish","type":"page","link":"https:\/\/circulopropiedades.uy\/home\/equipo\/","title":{"rendered":"Equipo"},"content":{"rendered":"<p><strong>Estamos preparados para recibirte y atender todas tus necesidades con gusto.<img loading=\"lazy\" decoding=\"async\" class=\"alignright size-medium wp-image-1582\" src=\"http:\/\/circulopropiedades.uy\/home\/wp-content\/uploads\/2022\/11\/Asesoramiento-comercial-1-300x200.jpg\" alt=\"\" width=\"300\" height=\"200\" srcset=\"https:\/\/circulopropiedades.uy\/home\/wp-content\/uploads\/2022\/11\/Asesoramiento-comercial-1-300x200.jpg 300w, https:\/\/circulopropiedades.uy\/home\/wp-content\/uploads\/2022\/11\/Asesoramiento-comercial-1-scaled-800x533.jpg 800w, https:\/\/circulopropiedades.uy\/home\/wp-content\/uploads\/2022\/11\/Asesoramiento-comercial-1-scaled-64x43.jpg 64w, https:\/\/circulopropiedades.uy\/home\/wp-content\/uploads\/2022\/11\/Asesoramiento-comercial-1-1024x683.jpg 1024w, https:\/\/circulopropiedades.uy\/home\/wp-content\/uploads\/2022\/11\/Asesoramiento-comercial-1-768x512.jpg 768w, https:\/\/circulopropiedades.uy\/home\/wp-content\/uploads\/2022\/11\/Asesoramiento-comercial-1-1536x1024.jpg 1536w, https:\/\/circulopropiedades.uy\/home\/wp-content\/uploads\/2022\/11\/Asesoramiento-comercial-1-2048x1365.jpg 2048w, https:\/\/circulopropiedades.uy\/home\/wp-content\/uploads\/2022\/11\/Asesoramiento-comercial-1-1200x800.jpg 1200w\" sizes=\"auto, (max-width: 300px) 85vw, 300px\" \/><\/strong><\/p>\n<p>Nuestro equipo multidisciplinario se ocupa de brindar respuestas y soluciones a cada una de sus inquietudes y necesidades a la hora de operar con inmuebles. Siendo profesionales, respetando los procesos y tom\u00e1ndose con mucha seriedad cada caso.<br \/>\nDestac\u00e1ndose el acompa\u00f1amiento amable, la transparencia y la predisposici\u00f3n siempre.<\/p>\n<p>Nuestro equipo ofrece:<\/p>\n<ul>\n<li>Asesoramiento comercial<\/li>\n<li>Asesoramiento Jur\u00eddico<\/li>\n<li>Asesoramiento notarial<\/li>\n<li>Tasaciones<\/li>\n<li>Caracterizaciones urbanas<\/li>\n<\/ul>\n<p>&nbsp;<\/p>\n","protected":false},"excerpt":{"rendered":"<p>Estamos preparados para recibirte y atender todas tus necesidades con gusto. Nuestro equipo multidisciplinario se ocupa de brindar respuestas y soluciones a cada una de sus inquietudes y necesidades a la hora de operar con inmuebles. Siendo profesionales, respetando los procesos y tom\u00e1ndose con mucha seriedad cada caso. Destac\u00e1ndose el acompa\u00f1amiento amable, la transparencia y &hellip; <a href=\"https:\/\/circulopropiedades.uy\/home\/equipo\/\" class=\"more-link\">Continue reading<span class=\"screen-reader-text\"> \u00abEquipo\u00bb<\/span><\/a><\/p>\n","protected":false},"author":1,"featured_media":0,"parent":0,"menu_order":0,"comment_status":"closed","ping_status":"closed","template":"","meta":{"footnotes":""},"class_list":["post-1173","page","type-page","status-publish","hentry"],"_links":{"self":[{"href":"https:\/\/circulopropiedades.uy\/home\/wp-json\/wp\/v2\/pages\/1173","targetHints":{"allow":["GET"]}}],"collection":[{"href":"https:\/\/circulopropiedades.uy\/home\/wp-json\/wp\/v2\/pages"}],"about":[{"href":"https:\/\/circulopropiedades.uy\/home\/wp-json\/wp\/v2\/types\/page"}],"author":[{"embeddable":true,"href":"https:\/\/circulopropiedades.uy\/home\/wp-json\/wp\/v2\/users\/1"}],"replies":[{"embeddable":true,"href":"https:\/\/circulopropiedades.uy\/home\/wp-json\/wp\/v2\/comments?post=1173"}],"version-history":[{"count":4,"href":"https:\/\/circulopropiedades.uy\/home\/wp-json\/wp\/v2\/pages\/1173\/revisions"}],"predecessor-version":[{"id":1583,"href":"https:\/\/circulopropiedades.uy\/home\/wp-json\/wp\/v2\/pages\/1173\/revisions\/1583"}],"wp:attachment":[{"href":"https:\/\/circulopropiedades.uy\/home\/wp-json\/wp\/v2\/media?parent=1173"}],"curies":[{"name":"wp","href":"https:\/\/api.w.org\/{rel}","templated":true}]}}